{"id":684,"date":"2021-04-23T13:29:49","date_gmt":"2021-04-23T13:29:49","guid":{"rendered":"http:\/\/path4career.eu\/?page_id=684"},"modified":"2021-09-06T08:11:40","modified_gmt":"2021-09-06T08:11:40","slug":"project-goal","status":"publish","type":"page","link":"https:\/\/path4career.eu\/ro\/project-goal\/","title":{"rendered":"Scopul proiectului"},"content":{"rendered":"<p><\/p>\n<h3>G\u0103sirea unei solu\u021bii pentru o inser\u021bie mai rapid\u0103 pe pia\u021ba muncii a absolven\u021bilor universitari \u0219i atingerea obiectivelor lor de carier\u0103 prin armonizarea competen\u021belor dob\u00e2ndite cu cele cerute de angajatori<\/h3>\n<p>Ideea proiectului a rezultat din strategia Europa 2020, care identific\u0103 necesitatea unor oportunit\u0103\u021bi de angajare mai relevante pentru tinerii absolven\u021bi de studii superioare. Strategia \u00ee\u0219i propune s\u0103 asigure o rat\u0103 de ocupare a for\u021bei de munc\u0103 de 75% pentru persoanele cu v\u00e2rsta cuprins\u0103 \u00eentre 20 \u0219i 64 de ani, precum \u0219i o rat\u0103 a ocup\u0103rii for\u021bei de munc\u0103 \u00een domeniul absolvit de peste 90%, lu\u00e2nd \u00een considerare timpul \u0219i cheltuielile pentru educa\u021bie. Acest lucru a devenit o problem\u0103 major\u0103 \u00een multe \u021b\u0103ri ale UE, datorit\u0103 cre\u0219terii num\u0103rului de absolven\u021bi de studii superioare, ceea ce, ca rezultat, a sporit \u0219i competitivitatea pe pie\u021ba for\u021bei de munc\u0103.<\/p>\n<p><img loading=\"lazy\" class=\"alignnone wp-image-687 size-mesmerize-full-hd\" src=\"http:\/\/path4career.eu\/wp-content\/uploads\/2021\/04\/s-o-c-i-a-l-c-u-t-kAyZO7V9MUs-unsplash-1620x1080.jpg\" alt=\"\" width=\"1620\" height=\"1080\" srcset=\"https:\/\/path4career.eu\/wp-content\/uploads\/2021\/04\/s-o-c-i-a-l-c-u-t-kAyZO7V9MUs-unsplash-1620x1080.jpg 1620w, https:\/\/path4career.eu\/wp-content\/uploads\/2021\/04\/s-o-c-i-a-l-c-u-t-kAyZO7V9MUs-unsplash-300x200.jpg 300w, https:\/\/path4career.eu\/wp-content\/uploads\/2021\/04\/s-o-c-i-a-l-c-u-t-kAyZO7V9MUs-unsplash-768x512.jpg 768w, https:\/\/path4career.eu\/wp-content\/uploads\/2021\/04\/s-o-c-i-a-l-c-u-t-kAyZO7V9MUs-unsplash-1024x683.jpg 1024w\" sizes=\"(max-width: 1620px) 100vw, 1620px\" \/><\/p>","protected":false},"excerpt":{"rendered":"<p>G\u0103sirea unei solu\u021bii pentru o inser\u021bie mai rapid\u0103 pe pia\u021ba muncii a absolven\u021bilor universitari \u0219i atingerea obiectivelor lor de carier\u0103 prin armonizarea competen\u021belor dob\u00e2ndite cu cele cerute de angajatori Ideea proiectului a rezultat din strategia Europa 2020, care identific\u0103 necesitatea unor oportunit\u0103\u021bi de angajare mai relevante pentru tinerii absolven\u021bi de studii superioare. Strategia \u00ee\u0219i propune&hellip; <br \/> <a class=\"read-more\" href=\"https:\/\/path4career.eu\/ro\/project-goal\/\">Cite\u0219te mai mult<\/a><\/p>\n","protected":false},"author":1,"featured_media":0,"parent":0,"menu_order":0,"comment_status":"closed","ping_status":"closed","template":"","meta":{"_mi_skip_tracking":false},"_links":{"self":[{"href":"https:\/\/path4career.eu\/ro\/wp-json\/wp\/v2\/pages\/684"}],"collection":[{"href":"https:\/\/path4career.eu\/ro\/wp-json\/wp\/v2\/pages"}],"about":[{"href":"https:\/\/path4career.eu\/ro\/wp-json\/wp\/v2\/types\/page"}],"author":[{"embeddable":true,"href":"https:\/\/path4career.eu\/ro\/wp-json\/wp\/v2\/users\/1"}],"replies":[{"embeddable":true,"href":"https:\/\/path4career.eu\/ro\/wp-json\/wp\/v2\/comments?post=684"}],"version-history":[{"count":4,"href":"https:\/\/path4career.eu\/ro\/wp-json\/wp\/v2\/pages\/684\/revisions"}],"predecessor-version":[{"id":762,"href":"https:\/\/path4career.eu\/ro\/wp-json\/wp\/v2\/pages\/684\/revisions\/762"}],"wp:attachment":[{"href":"https:\/\/path4career.eu\/ro\/wp-json\/wp\/v2\/media?parent=684"}],"curies":[{"name":"wp","href":"https:\/\/api.w.org\/{rel}","templated":true}]}}