{"id":4,"date":"2018-11-21T13:06:45","date_gmt":"2018-11-21T13:06:45","guid":{"rendered":"http:\/\/path4career.eu\/?page_id=4"},"modified":"2021-04-26T17:20:13","modified_gmt":"2021-04-26T17:20:13","slug":"partners","status":"publish","type":"page","link":"https:\/\/path4career.eu\/ro\/partners\/","title":{"rendered":"Parteneri"},"content":{"rendered":"<p>PATH 4 CAREER este un proiect Erasmus + care include colaborarea a \u0219ase parteneri din Marea Britanie, Fran\u021ba, Italia, Malta, Rom\u00e2nia \u0219i Spania.<\/p>\n<p>Pentru a afla mai multe despre expertiza fiec\u0103rui partener european care contribuie la succesul proiectului Path 4 Career, v\u0103 rug\u0103m s\u0103 face\u021bi clic pe logo-urile de mai jos.<\/p>\n<p>\r\n<ul id=\"amoteam-sc-team-2054108929\" class=\"amoteam-sc-team amoteam-tiles amoteam-tile-style-1 \">\r\n\t<li class=\"amoteam-tiles__item \">\r\n\r\n\t\t<a target=\"_blank\" href=\"https:\/\/www.acrosslimits.com\/\">\r\n\t\r\n\t\t<div class=\"amoteam-member\">\r\n\t\t\t\t\t\t\t<div class=\"amoteam-member-hover-icon \">\r\n\r\n\t\t\t\t\t\t\t\t\t<i class=\"amoteam-icon-hover-link\"><\/i>\r\n\t\t\t\t\t\t\t\t<\/div>\r\n\t\t\t\r\n\t\t\t<div class=\"amoteam-member-info amoteam-member-info--al-right \">\r\n\t\t\t\t<div class=\"amoteam-member-name amoteam-member-info__item \">(English) Acrosslimits Limited \u2013 Naxxar, Malta<\/div>\r\n\t\t\t\t\t\t\t\t<div class=\"amoteam-member-subtitle amoteam-member-info__item\">Partner 5<\/div>\r\n\t\t\t\t\t\t\t<\/div><!-- .member-info -->\r\n\r\n\t\t\t<div class=\"amoteam-member-img-wrap\">\r\n\t\t\t\t<img class=\"amoteam-member-img\" src=\"https:\/\/path4career.eu\/wp-content\/uploads\/2018\/11\/across.png\" alt=\"(English) Acrosslimits Limited \u2013 Naxxar, Malta\">\r\n\t\t\t<\/div>\r\n\t\t<\/div><!-- .member -->\r\n\r\n\t\t\t<\/a>\r\n\t\t<\/li><!-- .tiles__item -->\r\n\r\n\r\n\t<li class=\"amoteam-tiles__item \">\r\n\r\n\t\t<a target=\"_blank\" href=\"https:\/\/www.ucam.edu\/\">\r\n\t\r\n\t\t<div class=\"amoteam-member\">\r\n\t\t\t\t\t\t\t<div class=\"amoteam-member-hover-icon \">\r\n\r\n\t\t\t\t\t\t\t\t\t<i class=\"amoteam-icon-hover-link\"><\/i>\r\n\t\t\t\t\t\t\t\t<\/div>\r\n\t\t\t\r\n\t\t\t<div class=\"amoteam-member-info amoteam-member-info--al-right \">\r\n\t\t\t\t<div class=\"amoteam-member-name amoteam-member-info__item \">(English) FUNDACION UNIVERSITARIA SAN ANTONIO \u2013 UCAM \u2013Murcia, Spain<\/div>\r\n\t\t\t\t\t\t\t\t<div class=\"amoteam-member-subtitle amoteam-member-info__item\">Partner 4<\/div>\r\n\t\t\t\t\t\t\t<\/div><!-- .member-info -->\r\n\r\n\t\t\t<div class=\"amoteam-member-img-wrap\">\r\n\t\t\t\t<img class=\"amoteam-member-img\" src=\"https:\/\/path4career.eu\/wp-content\/uploads\/2018\/11\/LOGO-UCAM-2-640x640.png\" alt=\"(English) FUNDACION UNIVERSITARIA SAN ANTONIO \u2013 UCAM \u2013Murcia, Spain\">\r\n\t\t\t<\/div>\r\n\t\t<\/div><!-- .member -->\r\n\r\n\t\t\t<\/a>\r\n\t\t<\/li><!-- .tiles__item -->\r\n\r\n\r\n\t<li class=\"amoteam-tiles__item \">\r\n\r\n\t\t<a target=\"_blank\" href=\"https:\/\/www.esseniauetp.it\">\r\n\t\r\n\t\t<div class=\"amoteam-member\">\r\n\t\t\t\t\t\t\t<div class=\"amoteam-member-hover-icon \">\r\n\r\n\t\t\t\t\t\t\t\t\t<i class=\"amoteam-icon-hover-link\"><\/i>\r\n\t\t\t\t\t\t\t\t<\/div>\r\n\t\t\t\r\n\t\t\t<div class=\"amoteam-member-info amoteam-member-info--al-right \">\r\n\t\t\t\t<div class=\"amoteam-member-name amoteam-member-info__item \">(English) Essenia UETP &#8211; University and Enterprise Training Partnership s.r.l.-Salerno, Italy<\/div>\r\n\t\t\t\t\t\t\t\t<div class=\"amoteam-member-subtitle amoteam-member-info__item\">Partner 3<\/div>\r\n\t\t\t\t\t\t\t<\/div><!-- .member-info -->\r\n\r\n\t\t\t<div class=\"amoteam-member-img-wrap\">\r\n\t\t\t\t<img class=\"amoteam-member-img\" src=\"https:\/\/path4career.eu\/wp-content\/uploads\/2018\/11\/logo-Essenia-UETP-1-640x640.png\" alt=\"(English) Essenia UETP &#8211; University and Enterprise Training Partnership s.r.l.-Salerno, Italy\">\r\n\t\t\t<\/div>\r\n\t\t<\/div><!-- .member -->\r\n\r\n\t\t\t<\/a>\r\n\t\t<\/li><!-- .tiles__item -->\r\n\r\n\r\n\t<li class=\"amoteam-tiles__item \">\r\n\r\n\t\t<a target=\"_blank\" href=\"https:\/\/www.sep-ngo.eu\/\">\r\n\t\r\n\t\t<div class=\"amoteam-member\">\r\n\t\t\t\t\t\t\t<div class=\"amoteam-member-hover-icon \">\r\n\r\n\t\t\t\t\t\t\t\t\t<i class=\"amoteam-icon-hover-link\"><\/i>\r\n\t\t\t\t\t\t\t\t<\/div>\r\n\t\t\t\r\n\t\t\t<div class=\"amoteam-member-info amoteam-member-info--al-right \">\r\n\t\t\t\t<div class=\"amoteam-member-name amoteam-member-info__item \">(English) ASOCIATIA SMART EDUCATIONAL PROJECTS &#8211; TARGU-JIU, Romania<\/div>\r\n\t\t\t\t\t\t\t\t<div class=\"amoteam-member-subtitle amoteam-member-info__item\">Coordinator<\/div>\r\n\t\t\t\t\t\t\t<\/div><!-- .member-info -->\r\n\r\n\t\t\t<div class=\"amoteam-member-img-wrap\">\r\n\t\t\t\t<img class=\"amoteam-member-img\" src=\"https:\/\/path4career.eu\/wp-content\/uploads\/2018\/11\/sigla-SEP-1.jpg\" alt=\"(English) ASOCIATIA SMART EDUCATIONAL PROJECTS &#8211; TARGU-JIU, Romania\">\r\n\t\t\t<\/div>\r\n\t\t<\/div><!-- .member -->\r\n\r\n\t\t\t<\/a>\r\n\t\t<\/li><!-- .tiles__item -->\r\n\r\n\r\n\t<li class=\"amoteam-tiles__item \">\r\n\r\n\t\t<a target=\"_blank\" href=\"http:\/\/www.interactive4d.com\/en\/\">\r\n\t\r\n\t\t<div class=\"amoteam-member\">\r\n\t\t\t\t\t\t\t<div class=\"amoteam-member-hover-icon \">\r\n\r\n\t\t\t\t\t\t\t\t\t<i class=\"amoteam-icon-hover-link\"><\/i>\r\n\t\t\t\t\t\t\t\t<\/div>\r\n\t\t\t\r\n\t\t\t<div class=\"amoteam-member-info amoteam-member-info--al-right amoteam-member-info--ns\">\r\n\t\t\t\t<div class=\"amoteam-member-name amoteam-member-info__item \">(English) INTERACTIVE 4D<\/div>\r\n\t\t\t\t\t\t\t<\/div><!-- .member-info -->\r\n\r\n\t\t\t<div class=\"amoteam-member-img-wrap\">\r\n\t\t\t\t<img class=\"amoteam-member-img\" src=\"https:\/\/path4career.eu\/wp-content\/uploads\/2018\/11\/i4d-logo-300x300.png\" alt=\"(English) INTERACTIVE 4D\">\r\n\t\t\t<\/div>\r\n\t\t<\/div><!-- .member -->\r\n\r\n\t\t\t<\/a>\r\n\t\t<\/li><!-- .tiles__item -->\r\n\r\n\r\n\t<li class=\"amoteam-tiles__item \">\r\n\r\n\t\t<a target=\"_blank\" href=\"http:\/\/www.mbmtraining.uk\/\">\r\n\t\r\n\t\t<div class=\"amoteam-member\">\r\n\t\t\t\t\t\t\t<div class=\"amoteam-member-hover-icon \">\r\n\r\n\t\t\t\t\t\t\t\t\t<i class=\"amoteam-icon-hover-link\"><\/i>\r\n\t\t\t\t\t\t\t\t<\/div>\r\n\t\t\t\r\n\t\t\t<div class=\"amoteam-member-info amoteam-member-info--al-right amoteam-member-info--ns\">\r\n\t\t\t\t<div class=\"amoteam-member-name amoteam-member-info__item \">(English) MBM TRAINING &#038; DEVELOPMENT CENTER LTD<\/div>\r\n\t\t\t\t\t\t\t<\/div><!-- .member-info -->\r\n\r\n\t\t\t<div class=\"amoteam-member-img-wrap\">\r\n\t\t\t\t<img class=\"amoteam-member-img\" src=\"https:\/\/path4career.eu\/wp-content\/uploads\/2018\/12\/New-MBM-LOGO-1.jpg\" alt=\"(English) MBM TRAINING &#038; DEVELOPMENT CENTER LTD\">\r\n\t\t\t<\/div>\r\n\t\t<\/div><!-- .member -->\r\n\r\n\t\t\t<\/a>\r\n\t\t<\/li><!-- .tiles__item -->\r\n\r\n<\/ul><!-- .sc-team -->\r\n<script>amoTeamVars.teamSC.push({\"type\":\"team\",\"scID\":\"#amoteam-sc-team-2054108929\",\"itemWidth\":250,\"itemMargin\":20,\"align\":\"center\",\"fullWidth\":\"yes\",\"panel\":\"right\"})<\/script><div class=\"amoteam-panels\"><\/div><!-- .panels --><\/p>","protected":false},"excerpt":{"rendered":"<p>PATH 4 CAREER este un proiect Erasmus + care include colaborarea a \u0219ase parteneri din Marea Britanie, Fran\u021ba, Italia, Malta, Rom\u00e2nia \u0219i Spania. Pentru a afla mai multe despre expertiza fiec\u0103rui partener european care contribuie la succesul proiectului Path 4 Career, v\u0103 rug\u0103m s\u0103 face\u021bi clic pe logo-urile de mai jos.<\/p>\n","protected":false},"author":1,"featured_media":0,"parent":0,"menu_order":0,"comment_status":"closed","ping_status":"closed","template":"","meta":{"_mi_skip_tracking":false},"_links":{"self":[{"href":"https:\/\/path4career.eu\/ro\/wp-json\/wp\/v2\/pages\/4"}],"collection":[{"href":"https:\/\/path4career.eu\/ro\/wp-json\/wp\/v2\/pages"}],"about":[{"href":"https:\/\/path4career.eu\/ro\/wp-json\/wp\/v2\/types\/page"}],"author":[{"embeddable":true,"href":"https:\/\/path4career.eu\/ro\/wp-json\/wp\/v2\/users\/1"}],"replies":[{"embeddable":true,"href":"https:\/\/path4career.eu\/ro\/wp-json\/wp\/v2\/comments?post=4"}],"version-history":[{"count":23,"href":"https:\/\/path4career.eu\/ro\/wp-json\/wp\/v2\/pages\/4\/revisions"}],"predecessor-version":[{"id":701,"href":"https:\/\/path4career.eu\/ro\/wp-json\/wp\/v2\/pages\/4\/revisions\/701"}],"wp:attachment":[{"href":"https:\/\/path4career.eu\/ro\/wp-json\/wp\/v2\/media?parent=4"}],"curies":[{"name":"wp","href":"https:\/\/api.w.org\/{rel}","templated":true}]}}