{"id":358,"date":"2019-09-20T08:20:20","date_gmt":"2019-09-20T08:20:20","guid":{"rendered":"http:\/\/path4career.eu\/?page_id=358"},"modified":"2021-01-17T10:08:32","modified_gmt":"2021-01-17T10:08:32","slug":"securing-an-internship","status":"publish","type":"page","link":"https:\/\/path4career.eu\/ro\/securing-an-internship\/","title":{"rendered":"Asigurarea unui stagiu"},"content":{"rendered":"<p><\/p>\n<style>\n.page-content{background:#7FFFD4 !important;}<br \/>.gridContainer.content{background:#7FFFD4;}<br \/><\/style>\n<h1>Preg\u0103tirea pentru aplicarea \u00eentr-un program de internship.<\/h1>\n<p><iframe loading=\"lazy\" id=\"fxo-messenger-iframe\" style=\"background-color: aquamarine; border: 3px solid #f9f9fb; width: 100%; height: 500px;\" src=\"https:\/\/fxo.io\/m\/mbadgvqa\" width=\"100%\" height=\"500px\" allowfullscreen=\"allowfullscreen\"><\/iframe><\/p>\n<h1>Elaborarea CV-ului, scrisorii de inten\u021bie \u0219i participarea la interviul pentru stagiu.<\/h1>\n<p><iframe loading=\"lazy\" id=\"fxo-messenger-iframe\" style=\"background-color: aquamarine; border: 3px solid #f9f9fb; width: 100%; height: 500px;\" src=\"https:\/\/fxo.io\/m\/zdkqbazb\" width=\"100%\" height=\"500px\" allowfullscreen=\"allowfullscreen\"><\/iframe><\/p>\n<h1>Ce fac dup\u0103 ce termin stagiul?<\/h1>\n<p><iframe loading=\"lazy\" id=\"fxo-messenger-iframe\" style=\"background-color: aquamarine; border: 3px solid #f9f9fb; width: 100%; height: 500px;\" src=\"https:\/\/fxo.io\/m\/2grn9vqk\" width=\"100%\" height=\"500px\" allowfullscreen=\"allowfullscreen\"><\/iframe><\/p>\n<h1>Preg\u0103tirea pentru prima zi de internship \u0219i comportamentul \u00een prima zi de internship<\/h1>\n<p><iframe loading=\"lazy\" id=\"fxo-messenger-iframe\" style=\"background-color: aquamarine; border: 3px solid #f9f9fb; width: 100%; height: 500px;\" src=\"https:\/\/fxo.io\/m\/qy3mrpmk\" width=\"100%\" height=\"500px\" allowfullscreen=\"allowfullscreen\"><\/iframe><\/p>\n<h1>Cum m\u0103 comport \u00een timpul stagiului?<\/h1>\n<p><iframe loading=\"lazy\" id=\"fxo-messenger-iframe\" style=\"background-color: aquamarine; border: 3px solid #f9f9fb; width: 100%; height: 500px;\" src=\"https:\/\/fxo.io\/m\/4nxkw8d4\" width=\"100%\" height=\"500px\" allowfullscreen=\"allowfullscreen\"><\/iframe><br \/>\n<a class=\"myButton\" href=\"http:\/\/path4career.eu\/\">Exit<\/a><\/p>\n<style>\n.myButton {<br \/>\tbox-shadow: 0px 10px 14px -7px #276873;<br \/>\tbackground:linear-gradient(to bottom, #599bb3 5%, #408c99 100%);<br \/>\tbackground-color:#599bb3;<br \/>\tborder-radius:8px;<br \/>\tdisplay:inline-block;<br \/>\tcursor:pointer;<br \/>\tcolor:#ffffff;<br \/>\tfont-family:Arial;<br \/>\tfont-size:20px;<br \/>\tfont-weight:bold;<br \/>\tpadding:13px 32px;<br \/>\ttext-decoration:none;<br \/>\ttext-shadow:0px 1px 0px #3d768a;<br \/>    margin-left: 45%;<br \/>}<br \/>.myButton:hover {<br \/>\tbackground:linear-gradient(to bottom, #408c99 5%, #599bb3 100%);<br \/>\tbackground-color:#408c99;<br \/>}<br \/>.myButton:active {<br \/>\tposition:relative;<br \/>\ttop:1px;<br \/>}<br \/><\/style>\n<p><\/p>","protected":false},"excerpt":{"rendered":"<p>Preg\u0103tirea pentru aplicarea \u00eentr-un program de internship. Elaborarea CV-ului, scrisorii de inten\u021bie \u0219i participarea la interviul pentru stagiu. Ce fac dup\u0103 ce termin stagiul? Preg\u0103tirea pentru prima zi de internship \u0219i comportamentul \u00een prima zi de internship Cum m\u0103 comport \u00een timpul stagiului? Exit<\/p>\n","protected":false},"author":1,"featured_media":0,"parent":0,"menu_order":0,"comment_status":"closed","ping_status":"closed","template":"","meta":{"_mi_skip_tracking":false},"_links":{"self":[{"href":"https:\/\/path4career.eu\/ro\/wp-json\/wp\/v2\/pages\/358"}],"collection":[{"href":"https:\/\/path4career.eu\/ro\/wp-json\/wp\/v2\/pages"}],"about":[{"href":"https:\/\/path4career.eu\/ro\/wp-json\/wp\/v2\/types\/page"}],"author":[{"embeddable":true,"href":"https:\/\/path4career.eu\/ro\/wp-json\/wp\/v2\/users\/1"}],"replies":[{"embeddable":true,"href":"https:\/\/path4career.eu\/ro\/wp-json\/wp\/v2\/comments?post=358"}],"version-history":[{"count":79,"href":"https:\/\/path4career.eu\/ro\/wp-json\/wp\/v2\/pages\/358\/revisions"}],"predecessor-version":[{"id":557,"href":"https:\/\/path4career.eu\/ro\/wp-json\/wp\/v2\/pages\/358\/revisions\/557"}],"wp:attachment":[{"href":"https:\/\/path4career.eu\/ro\/wp-json\/wp\/v2\/media?parent=358"}],"curies":[{"name":"wp","href":"https:\/\/api.w.org\/{rel}","templated":true}]}}