{"id":25,"date":"2018-11-21T13:30:13","date_gmt":"2018-11-21T13:30:13","guid":{"rendered":"http:\/\/path4career.eu\/?page_id=25"},"modified":"2019-05-03T09:09:44","modified_gmt":"2019-05-03T09:09:44","slug":"project-outputs","status":"publish","type":"page","link":"https:\/\/path4career.eu\/ro\/project-outputs\/","title":{"rendered":"Realiz\u0103rile proiectului"},"content":{"rendered":"<p><strong>\u0218tia\u021bi<\/strong> <strong>&#8211;<\/strong> \u00eentre 53 \u0219i 83% dintre absolven\u021bii de studii superioare acceseaz\u0103 locuri de munc\u0103 care nu au nicio leg\u0103tur\u0103 cu domeniul absolvit? Datorit\u0103 abunden\u021bei locurilor de munc\u0103 din industria turistic\u0103, mare parte a absolven\u021bilor ajung s\u0103 practice meseria de osp\u0103tar sau casier \u0219i mai pu\u021bin o meserie legat\u0103 de eforturile lor de studiu. De asemenea, studiile recente arat\u0103 c\u0103, pe l\u00e2ng\u0103 experien\u021ba profesional\u0103, angajatorii se concentreaz\u0103 pe angajarea persoanelor care posed\u0103 abilit\u0103\u021bi soft, cum ar fi <em><strong>inteligen\u021ba emo\u021bional\u0103, negocierea, g\u00e2ndirea critic\u0103 \u0219i creativitatea<\/strong><\/em>.<\/p>\n<p>Acesta este domeniul \u00een care intervine PATH 4 CAREER! Obiectivul final al proiectului este acela de a \u00eenzestra absolven\u021bii cu abilit\u0103\u021bi care sunt adesea neglijate \u00een \u0219coal\u0103, dar care devin un element crucial \u00een ceea ce prive\u0219te g\u0103sirea unui loc de munc\u0103 \u0219i dezvoltarea carierei.<\/p>\n<p><img loading=\"lazy\" class=\"aligncenter wp-image-142\" src=\"http:\/\/path4career.eu\/wp-content\/uploads\/2018\/12\/2-1024x682.jpg\" alt=\"\" width=\"700\" height=\"467\" srcset=\"https:\/\/path4career.eu\/wp-content\/uploads\/2018\/12\/2-1024x682.jpg 1024w, https:\/\/path4career.eu\/wp-content\/uploads\/2018\/12\/2-300x200.jpg 300w, https:\/\/path4career.eu\/wp-content\/uploads\/2018\/12\/2-768x512.jpg 768w, https:\/\/path4career.eu\/wp-content\/uploads\/2018\/12\/2-1620x1080.jpg 1620w\" sizes=\"(max-width: 700px) 100vw, 700px\" \/><\/p>\n<p>Am auzit \u0219i am luat \u00een considerare ceea ce angajatorii doresc \u0219i acum scopul nostru este s\u0103 r\u0103spundem acestor nevoi. Cum inten\u021bion\u0103m s\u0103 facem acest lucru? Partenerii proiectului au identificat o solu\u021bie pentru a dezvolta un modul de formare personalizat care va consta din <strong>3 capitole<\/strong> \u0219i <strong>3 jocuri educa\u021bionale<\/strong> pentru absolven\u021bii de \u00eenv\u0103\u021b\u0103m\u00e2nt superior, care vor integra trei teme principale:<\/p>\n<ul>\n<li><strong> Abilit\u0103\u021bi soft personale\u00a0\u00a0<\/strong><\/li>\n<li><strong> Planificarea \u0219i implementarea planului de carier\u0103<\/strong><\/li>\n<li><strong> Stagii profesionale\u00a0 \u00a0 \u00a0<\/strong><\/li>\n<\/ul>\n<p>Rezultatele de mai sus vor fi utilizate \u00een <strong>9 ateliere de instruire<\/strong> cu un num\u0103r total de <strong>90 absolven\u021bi de \u00eenv\u0103\u021b\u0103m\u00e2nt superior.<\/strong><\/p>\n<div id=\"features-2\" class=\"features-12-card-bordered content-section content-section-spacing \" style=\"background-color: #ffffff;\" data-label=\"Features\" data-id=\"features-12-card-bordered\" data-export-id=\"features-12-card-bordered\" data-category=\"features\">\n<div class=\"gridContainer\">\n<div class=\"row text-center\">\n<div class=\"section-title-col\" data-type=\"column\">\n<h2 class=\"\">Obiectivele noastre<\/h2>\n<\/div>\n<\/div>\n<div class=\"row spaced-cols start-sm content-left-sm\" data-type=\"row\">\n<div class=\"col-sm-6\">\n<div class=\"card row-card bordered y-move\">\n<div class=\"row\">\n<div class=\"col-sm-fit icon-column\"><\/div>\n<div class=\"col-sm\" data-type=\"column\">\n<h5 class=\"color2\">\u00cembun\u0103t\u0103\u021birea calific\u0103rii step-by-step: Antrenarea formatorului<\/h5>\n<p class=\"\">\u00cembun\u0103t\u0103\u021birea abilit\u0103\u021bilor a 16 angaja\u021bi ale organiza\u021biilor partenere pentru a oferi o preg\u0103tire de calitate \u00een managementul carierei, abilit\u0103\u021bi soft, inclusiv: rezolvarea complex\u0103 a problemelor, g\u00e2ndirea critic\u0103, managementul oamenilor, coordonarea cu ceilal\u021bi, stagiul pentru absolven\u021bii absolven\u021bi \u0219i analiza \u0219i luarea deciziilor.<\/p>\n<\/div>\n<\/div>\n<\/div>\n<\/div>\n<div class=\"col-sm-6\">\n<div class=\"card row-card bordered y-move\">\n<div class=\"row\">\n<div class=\"col-sm-fit icon-column\"><\/div>\n<div class=\"col-sm\" data-type=\"column\">\n<h5 class=\"color2\">Drumul c\u0103tre succes: Trenul absolven\u021bilor<\/h5>\n<p class=\"\">Dezvoltarea abilit\u0103\u021bilor soft \u0219i abilit\u0103\u021bilor de management al carierei pentru un total de 90 absolven\u021bi de educa\u021bie prin intermediul a 9 ateliere. Participan\u021bii vor fi \u00eendruma\u021bi \u0219i sprijini\u021bi \u00een c\u0103l\u0103toria lor de evolu\u021bie \u00een carier\u0103.<\/p>\n<\/div>\n<\/div>\n<\/div>\n<\/div>\n<div class=\"col-sm-6\">\n<div class=\"card row-card bordered y-move\">\n<div class=\"row\">\n<div class=\"col-sm-fit icon-column\"><\/div>\n<div class=\"col-sm\" data-type=\"column\">\n<h5 class=\"color2\">\u00cemp\u0103r\u021birea metodelor: Publicarea rezultatelor proiectului<\/h5>\n<p class=\"\">Dezvoltarea unei re\u021bele europene a organiza\u021biilor implicate \u00een educa\u021bia adul\u021bilor care s\u0103 introduc\u0103 rezultatele form\u0103rii Path 4 Career.<\/p>\n<\/div>\n<\/div>\n<\/div>\n<\/div>\n<\/div>\n<\/div>\n<\/div>\n<p><\/p>","protected":false},"excerpt":{"rendered":"<p>\u0218tia\u021bi &#8211; \u00eentre 53 \u0219i 83% dintre absolven\u021bii de studii superioare acceseaz\u0103 locuri de munc\u0103 care nu au nicio leg\u0103tur\u0103 cu domeniul absolvit? Datorit\u0103 abunden\u021bei locurilor de munc\u0103 din industria turistic\u0103, mare parte a absolven\u021bilor ajung s\u0103 practice meseria de osp\u0103tar sau casier \u0219i mai pu\u021bin o meserie legat\u0103 de eforturile lor de studiu. De&hellip; <br \/> <a class=\"read-more\" href=\"https:\/\/path4career.eu\/ro\/project-outputs\/\">Cite\u0219te mai mult<\/a><\/p>\n","protected":false},"author":1,"featured_media":0,"parent":0,"menu_order":0,"comment_status":"closed","ping_status":"closed","template":"page-templates\/page-with-right-sidebar.php","meta":{"_mi_skip_tracking":false},"_links":{"self":[{"href":"https:\/\/path4career.eu\/ro\/wp-json\/wp\/v2\/pages\/25"}],"collection":[{"href":"https:\/\/path4career.eu\/ro\/wp-json\/wp\/v2\/pages"}],"about":[{"href":"https:\/\/path4career.eu\/ro\/wp-json\/wp\/v2\/types\/page"}],"author":[{"embeddable":true,"href":"https:\/\/path4career.eu\/ro\/wp-json\/wp\/v2\/users\/1"}],"replies":[{"embeddable":true,"href":"https:\/\/path4career.eu\/ro\/wp-json\/wp\/v2\/comments?post=25"}],"version-history":[{"count":31,"href":"https:\/\/path4career.eu\/ro\/wp-json\/wp\/v2\/pages\/25\/revisions"}],"predecessor-version":[{"id":320,"href":"https:\/\/path4career.eu\/ro\/wp-json\/wp\/v2\/pages\/25\/revisions\/320"}],"wp:attachment":[{"href":"https:\/\/path4career.eu\/ro\/wp-json\/wp\/v2\/media?parent=25"}],"curies":[{"name":"wp","href":"https:\/\/api.w.org\/{rel}","templated":true}]}}