{"id":684,"date":"2021-04-23T13:29:49","date_gmt":"2021-04-23T13:29:49","guid":{"rendered":"http:\/\/path4career.eu\/?page_id=684"},"modified":"2021-09-06T08:11:40","modified_gmt":"2021-09-06T08:11:40","slug":"project-goal","status":"publish","type":"page","link":"https:\/\/path4career.eu\/it\/project-goal\/","title":{"rendered":"Obiettivi del Progetto"},"content":{"rendered":"<p><\/p>\n<h3>Trovare una soluzione per un pi\u00f9 veloce inserimento nel mercato del lavoro dei laureati e raggiungere i propri obiettivi di carriera armonizzando le competenze acquisite con quelle richieste dai datori di lavoro<\/h3>\n<p>L&#8217;idea progettuale \u00e8 emersa dalla strategia Europa 2020, che individua la necessit\u00e0 di fornire opportunit\u00e0 di lavoro pi\u00f9 rilevanti per i giovani laureati. La strategia mira a garantire un tasso di occupazione del 75% per le persone di et\u00e0 compresa tra i 20 ei 64 anni, nonch\u00e9 un tasso di occupazione dei laureati che superi il 90%, tenendo conto dei tempi e delle spese investiti per l&#8217;istruzione. Questo \u00e8 diventato un grave problema in molti paesi dell&#8217;UE a causa dell&#8217;aumento del numero di laureati che, di conseguenza, ha anche aumentato la competitivit\u00e0 del mercato del lavoro.<\/p>\n<p><img loading=\"lazy\" class=\"alignnone wp-image-687 size-mesmerize-full-hd\" src=\"http:\/\/path4career.eu\/wp-content\/uploads\/2021\/04\/s-o-c-i-a-l-c-u-t-kAyZO7V9MUs-unsplash-1620x1080.jpg\" alt=\"\" width=\"1620\" height=\"1080\" srcset=\"https:\/\/path4career.eu\/wp-content\/uploads\/2021\/04\/s-o-c-i-a-l-c-u-t-kAyZO7V9MUs-unsplash-1620x1080.jpg 1620w, https:\/\/path4career.eu\/wp-content\/uploads\/2021\/04\/s-o-c-i-a-l-c-u-t-kAyZO7V9MUs-unsplash-300x200.jpg 300w, https:\/\/path4career.eu\/wp-content\/uploads\/2021\/04\/s-o-c-i-a-l-c-u-t-kAyZO7V9MUs-unsplash-768x512.jpg 768w, https:\/\/path4career.eu\/wp-content\/uploads\/2021\/04\/s-o-c-i-a-l-c-u-t-kAyZO7V9MUs-unsplash-1024x683.jpg 1024w\" sizes=\"(max-width: 1620px) 100vw, 1620px\" \/><\/p>","protected":false},"excerpt":{"rendered":"<p>Trovare una soluzione per un pi\u00f9 veloce inserimento nel mercato del lavoro dei laureati e raggiungere i propri obiettivi di carriera armonizzando le competenze acquisite con quelle richieste dai datori di lavoro L&#8217;idea progettuale \u00e8 emersa dalla strategia Europa 2020, che individua la necessit\u00e0 di fornire opportunit\u00e0 di lavoro pi\u00f9 rilevanti per i giovani laureati.&hellip; <br \/> <a class=\"read-more\" href=\"https:\/\/path4career.eu\/it\/project-goal\/\">Leggi tutto<\/a><\/p>\n","protected":false},"author":1,"featured_media":0,"parent":0,"menu_order":0,"comment_status":"closed","ping_status":"closed","template":"","meta":{"_mi_skip_tracking":false},"_links":{"self":[{"href":"https:\/\/path4career.eu\/it\/wp-json\/wp\/v2\/pages\/684"}],"collection":[{"href":"https:\/\/path4career.eu\/it\/wp-json\/wp\/v2\/pages"}],"about":[{"href":"https:\/\/path4career.eu\/it\/wp-json\/wp\/v2\/types\/page"}],"author":[{"embeddable":true,"href":"https:\/\/path4career.eu\/it\/wp-json\/wp\/v2\/users\/1"}],"replies":[{"embeddable":true,"href":"https:\/\/path4career.eu\/it\/wp-json\/wp\/v2\/comments?post=684"}],"version-history":[{"count":4,"href":"https:\/\/path4career.eu\/it\/wp-json\/wp\/v2\/pages\/684\/revisions"}],"predecessor-version":[{"id":762,"href":"https:\/\/path4career.eu\/it\/wp-json\/wp\/v2\/pages\/684\/revisions\/762"}],"wp:attachment":[{"href":"https:\/\/path4career.eu\/it\/wp-json\/wp\/v2\/media?parent=684"}],"curies":[{"name":"wp","href":"https:\/\/api.w.org\/{rel}","templated":true}]}}