{"id":684,"date":"2021-04-23T13:29:49","date_gmt":"2021-04-23T13:29:49","guid":{"rendered":"http:\/\/path4career.eu\/?page_id=684"},"modified":"2021-09-06T08:11:40","modified_gmt":"2021-09-06T08:11:40","slug":"project-goal","status":"publish","type":"page","link":"https:\/\/path4career.eu\/fr\/project-goal\/","title":{"rendered":"Objectif du Projet"},"content":{"rendered":"<p><\/p>\n<h3>Trouver une solution pour une insertion plus rapide sur le march\u00e9 du travail des dipl\u00f4m\u00e9s universitaires et atteindre leurs objectifs de carri\u00e8re en harmonisant les comp\u00e9tences acquises avec celles requises par les employeurs<\/h3>\n<p>Il s\u2019inscrit dans le cadre de la strat\u00e9gie Europe 2020 qui d\u00e9finit les besoins pour des opportunit\u00e9s d&#8217;emploi plus pertinentes pour les jeunes dipl\u00f4m\u00e9s. Cette strat\u00e9gie vise \u00e0 garantir un taux d&#8217;emploi de 75\u00a0% pour les 20-64 ans, ainsi qu&#8217;un taux d&#8217;emploi sup\u00e9rieur \u00e0 90\u00a0% pour les dipl\u00f4m\u00e9s, tout en prenant en consid\u00e9ration le temps et les d\u00e9penses consacr\u00e9s \u00e0 l&#8217;\u00e9ducation. Ceci est devenu un enjeu majeur dans de nombreux pays de l&#8217;UE en raison de l&#8217;augmentation du nombre de dipl\u00f4m\u00e9s, ce qui a \u00e9galement accru la comp\u00e9titivit\u00e9 du march\u00e9 du travail.<\/p>\n<p><img loading=\"lazy\" class=\"alignnone wp-image-687 size-mesmerize-full-hd\" src=\"http:\/\/path4career.eu\/wp-content\/uploads\/2021\/04\/s-o-c-i-a-l-c-u-t-kAyZO7V9MUs-unsplash-1620x1080.jpg\" alt=\"\" width=\"1620\" height=\"1080\" srcset=\"https:\/\/path4career.eu\/wp-content\/uploads\/2021\/04\/s-o-c-i-a-l-c-u-t-kAyZO7V9MUs-unsplash-1620x1080.jpg 1620w, https:\/\/path4career.eu\/wp-content\/uploads\/2021\/04\/s-o-c-i-a-l-c-u-t-kAyZO7V9MUs-unsplash-300x200.jpg 300w, https:\/\/path4career.eu\/wp-content\/uploads\/2021\/04\/s-o-c-i-a-l-c-u-t-kAyZO7V9MUs-unsplash-768x512.jpg 768w, https:\/\/path4career.eu\/wp-content\/uploads\/2021\/04\/s-o-c-i-a-l-c-u-t-kAyZO7V9MUs-unsplash-1024x683.jpg 1024w\" sizes=\"(max-width: 1620px) 100vw, 1620px\" \/><\/p>","protected":false},"excerpt":{"rendered":"<p>Trouver une solution pour une insertion plus rapide sur le march\u00e9 du travail des dipl\u00f4m\u00e9s universitaires et atteindre leurs objectifs de carri\u00e8re en harmonisant les comp\u00e9tences acquises avec celles requises par les employeurs Il s\u2019inscrit dans le cadre de la strat\u00e9gie Europe 2020 qui d\u00e9finit les besoins pour des opportunit\u00e9s d&#8217;emploi plus pertinentes pour les&hellip; <br \/> <a class=\"read-more\" href=\"https:\/\/path4career.eu\/fr\/project-goal\/\">Lire la suite<\/a><\/p>\n","protected":false},"author":1,"featured_media":0,"parent":0,"menu_order":0,"comment_status":"closed","ping_status":"closed","template":"","meta":{"_mi_skip_tracking":false},"_links":{"self":[{"href":"https:\/\/path4career.eu\/fr\/wp-json\/wp\/v2\/pages\/684"}],"collection":[{"href":"https:\/\/path4career.eu\/fr\/wp-json\/wp\/v2\/pages"}],"about":[{"href":"https:\/\/path4career.eu\/fr\/wp-json\/wp\/v2\/types\/page"}],"author":[{"embeddable":true,"href":"https:\/\/path4career.eu\/fr\/wp-json\/wp\/v2\/users\/1"}],"replies":[{"embeddable":true,"href":"https:\/\/path4career.eu\/fr\/wp-json\/wp\/v2\/comments?post=684"}],"version-history":[{"count":4,"href":"https:\/\/path4career.eu\/fr\/wp-json\/wp\/v2\/pages\/684\/revisions"}],"predecessor-version":[{"id":762,"href":"https:\/\/path4career.eu\/fr\/wp-json\/wp\/v2\/pages\/684\/revisions\/762"}],"wp:attachment":[{"href":"https:\/\/path4career.eu\/fr\/wp-json\/wp\/v2\/media?parent=684"}],"curies":[{"name":"wp","href":"https:\/\/api.w.org\/{rel}","templated":true}]}}