{"id":6,"date":"2018-11-21T13:07:54","date_gmt":"2018-11-21T13:07:54","guid":{"rendered":"http:\/\/path4career.eu\/mesmerize\/"},"modified":"2021-03-02T16:04:33","modified_gmt":"2021-03-02T16:04:33","slug":"mesmerize","status":"publish","type":"page","link":"https:\/\/path4career.eu\/fr\/","title":{"rendered":"Home"},"content":{"rendered":"<div  id=\"overlappable-4\" style=\"background-color: #ffffff;\" data-label=\"Overlappable\" data-id=\"overlappable-4\" data-export-id=\"overlappable-4\" data-category=\"overlappable\" class=\"overlappable-4 content-section content-section-spacing\" data-overlap=\"true\"><div  class=\"gridContainer\"> <div  data-type=\"row\" class=\"row spaced-cols text-center\"><div  class=\"col-xs-12 col-sm-4 col-padding\"> <i  class=\"fa icon shadow-large-black aligncenter color1 fa-caret-right reverse round large\"><\/i> <div  data-type=\"column\" class=\"\">  <\/div> <\/div> <div  class=\"col-xs-12 col-sm-4 col-padding\"> <i  class=\"fa icon shadow-large-black aligncenter color1 fa-group reverse round large\"><\/i> <div  data-type=\"column\" class=\"\"> <\/div> <\/div> <div  class=\"col-xs-12 col-sm-4 col-padding\"> <i  class=\"fa icon shadow-large-black aligncenter color1 fa-signal reverse round large\"><\/i> <div  data-type=\"column\" class=\"\"> <\/div> <\/div><\/div> <\/div><\/div><div  id=\"about-1\" style=\"background-color: #f5fafd;\" data-label=\"About\" data-id=\"about-1\" data-export-id=\"about-1\" data-category=\"about\" class=\"about-1 content-section\"><div  class=\"gridContainer\"> <div  class=\"row text-center\"><div  class=\"section-title-col\" data-type=\"column\"> <h5  class=\"\">NOTRE PARTENAIRE STRAT\u00c9GIQUE<\/h5> <h2  class=\"\">Trouver une solution pour une insertion professionnelle des adultes plus rapide et atteindre les objectifs de carri\u00e8re en adaptant  les comp\u00e9tences des dipl\u00f4m\u00e9s \u00e0 ceux requis par les employeurs.<\/h2> <p  class=\"lead\">___________________<\/p><\/div> <\/div> <div  class=\"row\"> <div  class=\"button-holder space-bottom space-bottom-small\" data-type=\"column\"> <a  class=\"button color1\" href=\"https:\/\/path4career.eu\/contact-us\" target=\"_self\" data-cp-link=\"1\">COMMENCEZ MAINTENANT!<\/a><\/div> <div  class=\"col-xs bottom-xs flexbox image-group-bottom-3-img space-bottom-xs center-xs\"> <a  data-cp-link=\"1\" href=\"#\" class=\"left-img-anchor\" target=\"_self\"><img  class=\"left-img shadow-large-black\" data-size=\"500x300\" src=\"\"><\/a> <a  data-cp-link=\"1\" href=\"#\" class=\"center-img-anchor\" target=\"_self\"><img  class=\"center-img shadow-large-black\" data-size=\"500x300\" src=\"\"><\/a> <a  data-cp-link=\"1\" href=\"#\" class=\"right-img-anchor\" target=\"_self\"><img  class=\"right-img shadow-large-black\" data-size=\"500x300\" src=\"\"><\/a><\/div> <\/div><\/div> <\/div><div  id=\"features-3\" style=\"background-color: rgb(255, 255, 255);\" data-label=\"Features\" data-id=\"features-12-card-bordered\" data-export-id=\"features-12-card-bordered\" data-category=\"features\" class=\"features-12-card-bordered content-section content-section-spacing \"><div  class=\"gridContainer\"> <div  class=\"row text-center\"><div  class=\"section-title-col\" data-type=\"column\"> <h2  class=\"\">Our Objectives<\/h2> <\/div> <\/div> <div  class=\"row spaced-cols start-sm content-left-sm\" data-type=\"row\"> <div  class=\"col-sm-6\"> <div  class=\"card row-card bordered y-move\"> <div  class=\"row\"> <div  class=\"col-sm-fit icon-column\"> <i  class=\"fa icon color2 fa-step-forward bordered round\"><\/i> <\/div> <div  class=\"col-sm\" data-type=\"column\"> <h5  class=\"color2\">Step-By-Step Upskilling: Train the Trainer<\/h5> <p  class=\"\">Improving the skills of 16 partner organizations staff to deliver quality training in career management, soft skills including: complex problem solving, critical thinking, people management, coordination with others, internship for graduate graduates and analysis and decision making.<\/p><\/div> <\/div><\/div> <\/div> <div  class=\"col-sm-6\"> <div  class=\"card row-card bordered y-move\"> <div  class=\"row\"> <div  class=\"col-sm-fit icon-column\"> <i  class=\"fa icon color2 fa-road bordered round\"><\/i> <\/div> <div  class=\"col-sm\" data-type=\"column\"> <h5  class=\"color2\">Road to Success: Train the Graduates<\/h5> <p  class=\"\">Developing soft skills and career management skills for a total of  90 education graduates through 9 workshops. Participants will be guided and and supported in their career progression journey.&nbsp; &nbsp; &nbsp; &nbsp; &nbsp; &nbsp; &nbsp; &nbsp; &nbsp; &nbsp; &nbsp; &nbsp; &nbsp; &nbsp; &nbsp; &nbsp; &nbsp; &nbsp; &nbsp; &nbsp; &nbsp; &nbsp; &nbsp; &nbsp; &nbsp;<br >&nbsp; &nbsp; &nbsp;<\/p><\/div> <\/div><\/div> <\/div><div  class=\"col-sm-6\"> <div  class=\"card row-card bordered y-move\"> <div  class=\"row\"> <div  class=\"col-sm-fit icon-column\"> <i  class=\"fa icon color2 fa-slideshare bordered round\"><\/i> <\/div> <div  class=\"col-sm\" data-type=\"column\"> <h5  class=\"color2\">Sharing of Methods: Publicizing Project Outputs<\/h5> <p  class=\"\">Developing a European network of organisations involved in adult education to introduce Path 4 Career outputs into their training.&nbsp; &nbsp; &nbsp; &nbsp; &nbsp; &nbsp; &nbsp; &nbsp; &nbsp; &nbsp; &nbsp; &nbsp; &nbsp; &nbsp; &nbsp; &nbsp; &nbsp; &nbsp; &nbsp; &nbsp; &nbsp; &nbsp; &nbsp; &nbsp; &nbsp; &nbsp; &nbsp; &nbsp; &nbsp; &nbsp; &nbsp; &nbsp; &nbsp; &nbsp; &nbsp; &nbsp; &nbsp; &nbsp; &nbsp; &nbsp; &nbsp; &nbsp; &nbsp; &nbsp; &nbsp; &nbsp; &nbsp; &nbsp; &nbsp; &nbsp; &nbsp; &nbsp; &nbsp; &nbsp; &nbsp; &nbsp; &nbsp; &nbsp; &nbsp; &nbsp; &nbsp; &nbsp; &nbsp; &nbsp; &nbsp; &nbsp; &nbsp; &nbsp; &nbsp; &nbsp; &nbsp; &nbsp; &nbsp; &nbsp; &nbsp; &nbsp; &nbsp; &nbsp; &nbsp;<\/p><\/div> <\/div><\/div> <\/div>  <\/div> <\/div><\/div><div  id=\"cta-1\" data-label=\"Cta\" data-id=\"cta-blue-section\" data-export-id=\"cta-blue-section\" data-category=\"cta\" class=\"cta-blue-section content-section content-section-spacing-medium bg-color1 white-text\"><div  class=\"gridContainer\"> <div  class=\"row middle-xs\"><div  class=\"col-sm-8 space-bottom-xs\" data-type=\"column\"> <h2  class=\"\">Contactez-nous ! Cela ne prend qu&#8217;une minute !<\/span><\/h2> <\/div> <div  class=\"col-sm-4 end-sm\" data-type=\"column\"> <a  class=\"button color2\" href=\"https:\/\/path4career.eu\/contact-us\" target=\"_self\" data-cp-link=\"1\">COMMENCEZ D\u00c8S AUJOURD\u2019HUI<\/a><\/div> <\/div><\/div> <\/div><div  id=\"latest-news-1\" style=\"background-color: rgb(245, 250, 253);\" data-label=\"Latest-news\" data-id=\"blog-section\" data-export-id=\"blog-section\" data-category=\"latest_news\" class=\"blog-section blog-section-standard content-section content-section-spacing\"><div  class=\"gridContainer\"> <div  class=\"row\"><div  data-type=\"column\" class=\"section-title-col\"> <h2  class=\"\">Latest News<\/h2> <\/div> <\/div> <div  class=\"row\"> <div  data-type=\"row\" data-dynamic-columns=\"handled\" data-content-shortcode=\"mesmerize_latest_news\">        <div class=\"row center-sm content-left-sm\">\n                    <div id=\"post-830\" class=\"col-sm-6 col-md-4 space-bottom space-bottom-xs\">\n                <div class=\"post-content card y-move bordered\">\n                    <div class=\"post-thumbnail\">\n   <a href=\"https:\/\/path4career.eu\/fr\/thaifriendly-review-a%c2%80%c2%93-exactly-what-do-we-know-about-it\/\" class=\"post-list-item-thumb \">\n      \n            <svg class=\"mesmerize-post-list-item-thumb-placeholder\" width=\"890\" height=\"580\" viewBox=\"0 0 890 580\"\n         preserveAspectRatio=\"none\">\n         <rect width=\"890\" height=\"580\" style=\"fill:#FF9800;\"><\/rect>\n      <\/svg>\n               <\/a>\n<\/div>\n                    <div class=\"col-padding col-padding-xs\">\n                        <h3 class=\"post-title space-bottom-small\">\n                            <a href=\"https:\/\/path4career.eu\/fr\/thaifriendly-review-a%c2%80%c2%93-exactly-what-do-we-know-about-it\/\" rel=\"bookmark\">\n                                ThaiFriendly review \u00e2\u0080\u0093 exactly what do we know about it?                            <\/a>\n                        <\/h3>\n                        <p>Thailand is actually a visitor mecca that pulls above 30 million visitors annually the world over. However, not all of them visited go to the scenic spots, consume great meals,[&hellip;]<\/p>\n                        <a class=\"read-more link\" href=\"https:\/\/path4career.eu\/fr\/thaifriendly-review-a%c2%80%c2%93-exactly-what-do-we-know-about-it\/\">\n                            Read more                        <\/a>\n                    <\/div>\n                <\/div>\n            <\/div>\n                    <div id=\"post-809\" class=\"col-sm-6 col-md-4 space-bottom space-bottom-xs\">\n                <div class=\"post-content card y-move bordered\">\n                    <div class=\"post-thumbnail\">\n   <a href=\"https:\/\/path4career.eu\/fr\/how-to-capture-scrolling-screenshot-in-windows-7\/\" class=\"post-list-item-thumb \">\n      \n            <svg class=\"mesmerize-post-list-item-thumb-placeholder\" width=\"890\" height=\"580\" viewBox=\"0 0 890 580\"\n         preserveAspectRatio=\"none\">\n         <rect width=\"890\" height=\"580\" style=\"fill:#FF9800;\"><\/rect>\n      <\/svg>\n               <\/a>\n<\/div>\n                    <div class=\"col-padding col-padding-xs\">\n                        <h3 class=\"post-title space-bottom-small\">\n                            <a href=\"https:\/\/path4career.eu\/fr\/how-to-capture-scrolling-screenshot-in-windows-7\/\" rel=\"bookmark\">\n                                How to capture Scrolling Screenshot in Windows                            <\/a>\n                        <\/h3>\n                        <p>It is an open-source tool for users who do not want to pay for a subscription to Adobe Photoshop. Provides everything you need to create illustrations, edit high-definition images, and[&hellip;]<\/p>\n                        <a class=\"read-more link\" href=\"https:\/\/path4career.eu\/fr\/how-to-capture-scrolling-screenshot-in-windows-7\/\">\n                            Read more                        <\/a>\n                    <\/div>\n                <\/div>\n            <\/div>\n                    <div id=\"post-825\" class=\"col-sm-6 col-md-4 space-bottom space-bottom-xs\">\n                <div class=\"post-content card y-move bordered\">\n                    <div class=\"post-thumbnail\">\n   <a href=\"https:\/\/path4career.eu\/fr\/how-to-measure-for-vinyl-replacement-windows-step-2\/\" class=\"post-list-item-thumb \">\n      \n            <svg class=\"mesmerize-post-list-item-thumb-placeholder\" width=\"890\" height=\"580\" viewBox=\"0 0 890 580\"\n         preserveAspectRatio=\"none\">\n         <rect width=\"890\" height=\"580\" style=\"fill:#FF9800;\"><\/rect>\n      <\/svg>\n               <\/a>\n<\/div>\n                    <div class=\"col-padding col-padding-xs\">\n                        <h3 class=\"post-title space-bottom-small\">\n                            <a href=\"https:\/\/path4career.eu\/fr\/how-to-measure-for-vinyl-replacement-windows-step-2\/\" rel=\"bookmark\">\n                                How to Measure for Vinyl Replacement Windows: Step by Step Instructions                            <\/a>\n                        <\/h3>\n                        <p>You can copy this to your clipboard to then embed or paste the link in an email or message. If you\u2019re not happy with the options that Microsoft has provided[&hellip;]<\/p>\n                        <a class=\"read-more link\" href=\"https:\/\/path4career.eu\/fr\/how-to-measure-for-vinyl-replacement-windows-step-2\/\">\n                            Read more                        <\/a>\n                    <\/div>\n                <\/div>\n            <\/div>\n            <\/div>\n    <\/div><\/div> <div  class=\"row\"><div  class=\"text-center\"> <a  class=\"button color1\" data-attr-shortcode=\"href:mesmerize_blog_link\" href=\"https:\/\/path4career.eu\/fr\/blog\/\" target=\"_self\">SEE ALL BLOG POSTS<\/a><\/div> <\/div><\/div><\/div>","protected":false},"excerpt":{"rendered":"<p>NOTRE PARTENAIRE STRAT\u00c9GIQUE Trouver une solution pour une insertion professionnelle des adultes plus rapide et atteindre les objectifs de carri\u00e8re en adaptant les comp\u00e9tences des dipl\u00f4m\u00e9s \u00e0 ceux requis par les employeurs. ___________________ COMMENCEZ MAINTENANT! Our Objectives Step-By-Step Upskilling: Train the Trainer Improving the skills of 16 partner organizations staff to deliver quality training in&hellip; <br \/> <a class=\"read-more\" href=\"https:\/\/path4career.eu\/fr\/how-to-measure-for-vinyl-replacement-windows-step-2\/\">Lire la suite<\/a><\/p>\n","protected":false},"author":1,"featured_media":0,"parent":0,"menu_order":0,"comment_status":"closed","ping_status":"closed","template":"page-templates\/homepage.php","meta":{"_mi_skip_tracking":false},"_links":{"self":[{"href":"https:\/\/path4career.eu\/fr\/wp-json\/wp\/v2\/pages\/6"}],"collection":[{"href":"https:\/\/path4career.eu\/fr\/wp-json\/wp\/v2\/pages"}],"about":[{"href":"https:\/\/path4career.eu\/fr\/wp-json\/wp\/v2\/types\/page"}],"author":[{"embeddable":true,"href":"https:\/\/path4career.eu\/fr\/wp-json\/wp\/v2\/users\/1"}],"replies":[{"embeddable":true,"href":"https:\/\/path4career.eu\/fr\/wp-json\/wp\/v2\/comments?post=6"}],"version-history":[{"count":53,"href":"https:\/\/path4career.eu\/fr\/wp-json\/wp\/v2\/pages\/6\/revisions"}],"predecessor-version":[{"id":647,"href":"https:\/\/path4career.eu\/fr\/wp-json\/wp\/v2\/pages\/6\/revisions\/647"}],"wp:attachment":[{"href":"https:\/\/path4career.eu\/fr\/wp-json\/wp\/v2\/media?parent=6"}],"curies":[{"name":"wp","href":"https:\/\/api.w.org\/{rel}","templated":true}]}}