{"id":414,"date":"2020-06-30T15:50:39","date_gmt":"2020-06-30T15:50:39","guid":{"rendered":"http:\/\/path4career.eu\/?page_id=414"},"modified":"2021-06-24T07:29:51","modified_gmt":"2021-06-24T07:29:51","slug":"p4c-kit","status":"publish","type":"page","link":"https:\/\/path4career.eu\/fr\/p4c-kit\/","title":{"rendered":"Path4Career KIT"},"content":{"rendered":"<p><\/p>\n<h2>Chapitre 1 &#8211; Gestion proactive de carri\u00e8re<\/h2>\n<p><a href=\"http:\/\/path4career.eu\/wp-content\/uploads\/2021\/06\/Chapitre-1-P4C-French.pdf\">T\u00e9l\u00e9charger le guide du chapitre 1 en PDF<\/a><\/p>\n<h2 style=\"text-align: center;\"><span style=\"color: #ff6600;\">Jouez \u00e0 notre premier jeu<\/span><\/h2>\n<p><a href=\"https:\/\/play.google.com\/store\/apps\/details?id=com.Interactive4D.p4c1\"><img loading=\"lazy\" class=\"alignleft\" src=\"https:\/\/play.google.com\/intl\/en_us\/badges\/static\/images\/badges\/en_badge_web_generic.png\" alt=\"Get it on Google Play\" width=\"248\" height=\"96\" \/><\/a><a href=\"https:\/\/apps.apple.com\/fr\/app\/path4career-career-management\/id1546730455\"><img loading=\"lazy\" class=\"alignright wp-image-608\" src=\"http:\/\/path4career.eu\/wp-content\/uploads\/2021\/02\/badge-example-preferred_2x-300x101.png\" alt=\"\" width=\"214\" height=\"72\" srcset=\"https:\/\/path4career.eu\/wp-content\/uploads\/2021\/02\/badge-example-preferred_2x-300x101.png 300w, https:\/\/path4career.eu\/wp-content\/uploads\/2021\/02\/badge-example-preferred_2x.png 320w\" sizes=\"(max-width: 214px) 100vw, 214px\" \/><\/a><a href=\"https:\/\/game1.path4career.fr\/\"><img loading=\"lazy\" class=\"aligncenter wp-image-594\" src=\"http:\/\/path4career.eu\/wp-content\/uploads\/2021\/02\/en_badge_web_generic-300x116.png\" alt=\"\" width=\"251\" height=\"97\" srcset=\"https:\/\/path4career.eu\/wp-content\/uploads\/2021\/02\/en_badge_web_generic-300x116.png 300w, https:\/\/path4career.eu\/wp-content\/uploads\/2021\/02\/en_badge_web_generic.png 646w\" sizes=\"(max-width: 251px) 100vw, 251px\" \/><\/a><\/p>\n<h2>Chapitre 2 &#8211; Soft Skills pour un emploi<\/h2>\n<p><a href=\"http:\/\/path4career.eu\/wp-content\/uploads\/2021\/06\/Chapitre-2-P4C-French.pdf\">T\u00e9l\u00e9charger le guide du chapitre 2 en PDF<\/a><\/p>\n<h2 style=\"text-align: center;\"><span style=\"color: #3366ff;\">Jouez \u00e0 notre deuxi\u00e8me jeu<\/span><\/h2>\n<p><a href=\"https:\/\/play.google.com\/store\/apps\/details?id=com.alexis.p2\"><img loading=\"lazy\" class=\"alignleft\" src=\"https:\/\/play.google.com\/intl\/en_us\/badges\/static\/images\/badges\/en_badge_web_generic.png\" alt=\"Get it on Google Play\" width=\"248\" height=\"96\" \/><\/a><a href=\"https:\/\/apps.apple.com\/fr\/app\/softskillsatwork\/id1554478787\"><img loading=\"lazy\" class=\"alignright wp-image-608\" src=\"http:\/\/path4career.eu\/wp-content\/uploads\/2021\/02\/badge-example-preferred_2x-300x101.png\" alt=\"\" width=\"214\" height=\"72\" srcset=\"https:\/\/path4career.eu\/wp-content\/uploads\/2021\/02\/badge-example-preferred_2x-300x101.png 300w, https:\/\/path4career.eu\/wp-content\/uploads\/2021\/02\/badge-example-preferred_2x.png 320w\" sizes=\"(max-width: 214px) 100vw, 214px\" \/><\/a><a href=\"https:\/\/game2.path4career.fr\/\"><img loading=\"lazy\" class=\"aligncenter wp-image-594\" src=\"http:\/\/path4career.eu\/wp-content\/uploads\/2021\/02\/en_badge_web_generic-300x116.png\" alt=\"\" width=\"251\" height=\"97\" srcset=\"https:\/\/path4career.eu\/wp-content\/uploads\/2021\/02\/en_badge_web_generic-300x116.png 300w, https:\/\/path4career.eu\/wp-content\/uploads\/2021\/02\/en_badge_web_generic.png 646w\" sizes=\"(max-width: 251px) 100vw, 251px\" \/><\/a><\/p>\n<h2>Chapitre 3 &#8211; Stage &#8211; Une \u00e9tape dans votre carri\u00e8re<\/h2>\n<p><a href=\"http:\/\/path4career.eu\/wp-content\/uploads\/2021\/06\/Chapitre-3-P4C-French.pdf\">T\u00e9l\u00e9charger le guide du chapitre 3 en PDF<\/a><\/p>\n<p style=\"text-align: center;\"><em>Le troisi\u00e8me jeu pr\u00e9sente cinq sc\u00e9narios, dans lesquels le participant aura la possibilit\u00e9 de discuter avec un bot et de r\u00e9pondre \u00e0 des questions li\u00e9es \u00e0 la r\u00e9daction de CV, \u00e0 la pr\u00e9paration du stage, \u00e0 la conduite \u00e0 tenir le premier jour d&#8217;un stage, et bien plus encore. Recevoir 4 points signifie que toutes les questions ont \u00e9t\u00e9 r\u00e9pondues correctement, alors que r\u00e9pondre \u00e0 toutes les questions de mani\u00e8re incorrecte entra\u00eenera un score de 0.<\/em><\/p>\n<div id=\"pg-480-1\" class=\"panel-grid panel-no-style\">\n<div id=\"pgc-480-1-0\" class=\"panel-grid-cell\">\n<div id=\"panel-480-1-0-0\" class=\"widget_text so-panel widget widget_custom_html panel-first-child panel-last-child\" data-index=\"1\">\n<div class=\"textwidget custom-html-widget\" style=\"text-align: center; display: flex; padding-left: 6%;\">\n<div style=\"width: 211px\" class=\"wp-caption alignnone\"><a href=\"http:\/\/path4career.eu\/fr\/preparation-for-application-into-an-internship-program\/\"><img loading=\"lazy\" class=\"img_scenarios\" src=\"http:\/\/path4career.eu\/wp-content\/uploads\/2021\/01\/ben-white-mO9vKbG5csg-unsplash.jpg\" alt=\"\" width=\"201\" height=\"134\" \/><\/a><p class=\"wp-caption-text\">Pr\u00e9paration \u00e0 la candidature \u00e0 un programme de stage.<\/p><\/div>\n<div style=\"width: 211px\" class=\"wp-caption alignnone\"><a href=\"http:\/\/path4career.eu\/fr\/elaboration-of-the-cv-letter-of-intent-and-participation-in-the-interview-for-the-internship\/\"><img loading=\"lazy\" class=\"img_scenarios\" src=\"http:\/\/path4career.eu\/wp-content\/uploads\/2021\/01\/green-chameleon-s9CC2SKySJM-unsplash.jpg\" alt=\"\" width=\"201\" height=\"134\" \/><\/a><p class=\"wp-caption-text\">Elaboration du CV, lettre d&#8217;intention et participation \u00e0 l&#8217;entretien pour le stage.<\/p><\/div>\n<div style=\"width: 211px\" class=\"wp-caption alignnone\"><a href=\"http:\/\/path4career.eu\/fr\/preparation-for-the-first-day-of-internship-and-behavior-on-the-first-day-of-internship\/\"><img loading=\"lazy\" class=\"img_scenarios\" src=\"http:\/\/path4career.eu\/wp-content\/uploads\/2021\/01\/ruthson-zimmerman-Ws4wd-vJ9M0-unsplash.jpg\" alt=\"\" width=\"201\" height=\"134\" \/><\/a><p class=\"wp-caption-text\">Pr\u00e9paration au premier jour de stage et comportement au premier jour de stage<\/p><\/div>\n<div style=\"width: 211px\" class=\"wp-caption alignnone\"><a href=\"http:\/\/path4career.eu\/fr\/how-to-behave-during-the-internship\/\"><img loading=\"lazy\" class=\"img_scenarios\" src=\"http:\/\/path4career.eu\/wp-content\/uploads\/2021\/01\/work-with-island-FX2QA0TMEYg-unsplash.jpg\" alt=\"\" width=\"201\" height=\"134\" \/><\/a><p class=\"wp-caption-text\">Comment se comporter pendant le stage?<\/p><\/div>\n<div style=\"width: 211px\" class=\"wp-caption alignnone\"><a href=\"https:\/\/path4career.eu\/fr\/what-do-i-do-after-my-internship-ends\/\"><img loading=\"lazy\" class=\"img_scenarios\" src=\"http:\/\/path4career.eu\/wp-content\/uploads\/2018\/12\/2.jpg\" alt=\"\" width=\"201\" height=\"134\" \/><\/a><p class=\"wp-caption-text\">Que dois-je faire apr\u00e8s la fin de mon stage?<\/p><\/div>\n<\/div>\n<\/div>\n<\/div>\n<\/div>\n<p><\/p>","protected":false},"excerpt":{"rendered":"<p>Chapitre 1 &#8211; Gestion proactive de carri\u00e8re T\u00e9l\u00e9charger le guide du chapitre 1 en PDF Jouez \u00e0 notre premier jeu Chapitre 2 &#8211; Soft Skills pour un emploi T\u00e9l\u00e9charger le guide du chapitre 2 en PDF Jouez \u00e0 notre deuxi\u00e8me jeu Chapitre 3 &#8211; Stage &#8211; Une \u00e9tape dans votre carri\u00e8re T\u00e9l\u00e9charger le guide du&hellip; <br \/> <a class=\"read-more\" href=\"https:\/\/path4career.eu\/fr\/p4c-kit\/\">Lire la suite<\/a><\/p>\n","protected":false},"author":1,"featured_media":612,"parent":0,"menu_order":0,"comment_status":"closed","ping_status":"closed","template":"","meta":{"_mi_skip_tracking":false},"_links":{"self":[{"href":"https:\/\/path4career.eu\/fr\/wp-json\/wp\/v2\/pages\/414"}],"collection":[{"href":"https:\/\/path4career.eu\/fr\/wp-json\/wp\/v2\/pages"}],"about":[{"href":"https:\/\/path4career.eu\/fr\/wp-json\/wp\/v2\/types\/page"}],"author":[{"embeddable":true,"href":"https:\/\/path4career.eu\/fr\/wp-json\/wp\/v2\/users\/1"}],"replies":[{"embeddable":true,"href":"https:\/\/path4career.eu\/fr\/wp-json\/wp\/v2\/comments?post=414"}],"version-history":[{"count":37,"href":"https:\/\/path4career.eu\/fr\/wp-json\/wp\/v2\/pages\/414\/revisions"}],"predecessor-version":[{"id":736,"href":"https:\/\/path4career.eu\/fr\/wp-json\/wp\/v2\/pages\/414\/revisions\/736"}],"wp:featuredmedia":[{"embeddable":true,"href":"https:\/\/path4career.eu\/fr\/wp-json\/wp\/v2\/media\/612"}],"wp:attachment":[{"href":"https:\/\/path4career.eu\/fr\/wp-json\/wp\/v2\/media?parent=414"}],"curies":[{"name":"wp","href":"https:\/\/api.w.org\/{rel}","templated":true}]}}