{"id":25,"date":"2018-11-21T13:30:13","date_gmt":"2018-11-21T13:30:13","guid":{"rendered":"http:\/\/path4career.eu\/?page_id=25"},"modified":"2019-05-03T09:09:44","modified_gmt":"2019-05-03T09:09:44","slug":"project-outputs","status":"publish","type":"page","link":"https:\/\/path4career.eu\/fr\/project-outputs\/","title":{"rendered":"R\u00e9sultats"},"content":{"rendered":"<p><strong>Le saviez-vous\u00a0?<\/strong> Entre 53 et 83\u00a0% des dipl\u00f4m\u00e9s se retrouvent dans des emplois compl\u00e8tement \u00e9loign\u00e9s de leur dipl\u00f4me. En raison du grand nombre de postes vacants dans le secteur de l&#8217;h\u00f4tellerie, la majorit\u00e9 des dipl\u00f4m\u00e9s finissent g\u00e9n\u00e9ralement par occuper des emplois tels que serveurs ou caissiers, plut\u00f4t que des postes pour lesquels ils ont \u00e9t\u00e9 form\u00e9s. Par ailleurs, des \u00e9tudes r\u00e9centes montrent que, outre l&#8217;exp\u00e9rience du stage professionnel, les employeurs cherchent \u00e0 recruter des personnes qui poss\u00e8dent des comp\u00e9tences interpersonnelles telles que<strong><em> l&#8217;intelligence \u00e9motionnelle, la capacit\u00e9 de n\u00e9gociation, la pens\u00e9e critique et la cr\u00e9ativit\u00e9.<\/em><\/strong><\/p>\n<p>C&#8217;est l\u00e0 que Path 4 Career agit\u00a0! L\u2019objectif ultime du projet \u00e9tant de donner aux dipl\u00f4m\u00e9s des comp\u00e9tences qui sont souvent n\u00e9glig\u00e9es dans les salles de classe et qui sont pourtant des atouts essentiels pour trouver un emploi et \u00e9laborer un plan de carri\u00e8re.<\/p>\n<p><img loading=\"lazy\" class=\"aligncenter wp-image-142\" src=\"http:\/\/path4career.eu\/wp-content\/uploads\/2018\/12\/2-300x200.jpg\" alt=\"\" width=\"700\" height=\"467\" srcset=\"https:\/\/path4career.eu\/wp-content\/uploads\/2018\/12\/2-300x200.jpg 300w, https:\/\/path4career.eu\/wp-content\/uploads\/2018\/12\/2-768x512.jpg 768w, https:\/\/path4career.eu\/wp-content\/uploads\/2018\/12\/2-1024x682.jpg 1024w, https:\/\/path4career.eu\/wp-content\/uploads\/2018\/12\/2-1620x1080.jpg 1620w\" sizes=\"(max-width: 700px) 100vw, 700px\" \/><\/p>\n<p>Nous avons entendu et pris en compte ce que veulent les employeurs et notre objectif est maintenant de r\u00e9pondre \u00e0 ces besoins. Comment faisons-nous cela\u00a0? Les partenaires du projet proposent <strong>un module de formation sur mesure<\/strong> compos\u00e9 de <strong>3 chapitres<\/strong> et de<strong> 3 jeux \u00e9ducatifs<\/strong> pour les dipl\u00f4m\u00e9s de l&#8217;enseignement sup\u00e9rieur, qui s&#8217;articulera autour de 3 th\u00e8mes principaux\u00a0:<\/p>\n<ul>\n<li><strong>Les comp\u00e9tences interpersonnelles<\/strong><\/li>\n<li><strong>L\u2019\u00e9laboration et la mise en \u0153uvre du plan de carri\u00e8re<\/strong><\/li>\n<li><strong>Les stages professionnels<\/strong><\/li>\n<\/ul>\n<p>Tous les r\u00e9sultats ci-dessus seront utilis\u00e9s dans le cadre de<strong> 9 ateliers de formation<\/strong> r\u00e9unissant <strong>90 dipl\u00f4m\u00e9s de l&#8217;enseignement sup\u00e9rieur.<\/strong><\/p>\n<div id=\"features-2\" class=\"features-12-card-bordered content-section content-section-spacing \" style=\"background-color: #ffffff;\" data-label=\"Features\" data-id=\"features-12-card-bordered\" data-export-id=\"features-12-card-bordered\" data-category=\"features\">\n<div class=\"gridContainer\">\n<div class=\"row text-center\">\n<div class=\"section-title-col\" data-type=\"column\">\n<h2 class=\"\">Nos objectifs<\/h2>\n<\/div>\n<\/div>\n<div class=\"row spaced-cols start-sm content-left-sm\" data-type=\"row\">\n<div class=\"col-sm-6\">\n<div class=\"card row-card bordered y-move\">\n<div class=\"row\">\n<div class=\"col-sm-fit icon-column\"><\/div>\n<div class=\"col-sm\" data-type=\"column\">\n<h5 class=\"color2\">Step-By-Step requalification: Former le formateur<\/h5>\n<p class=\"\">Am\u00e9lioration des comp\u00e9tences du personnel de 16 organisations partenaires afin de dispenser une formation de qualit\u00e9 en gestion de carri\u00e8re, comp\u00e9tences g\u00e9n\u00e9rales comprenant: la r\u00e9solution de probl\u00e8mes complexes, la pens\u00e9e critique, la gestion des personnes, la coordination avec d\u2019autres personnes, les stages pour dipl\u00f4m\u00e9s ainsi que l\u2019analyse et la prise de d\u00e9cision.<\/p>\n<\/div>\n<\/div>\n<\/div>\n<\/div>\n<div class=\"col-sm-6\">\n<div class=\"card row-card bordered y-move\">\n<div class=\"row\">\n<div class=\"col-sm-fit icon-column\"><\/div>\n<div class=\"col-sm\" data-type=\"column\">\n<h5 class=\"color2\">Chemin vers le succ\u00e8s: Former les dipl\u00f4m\u00e9s<\/h5>\n<p class=\"\">D\u00e9velopper des comp\u00e9tences g\u00e9n\u00e9rales et des comp\u00e9tences en gestion de carri\u00e8re pour un total de 90 dipl\u00f4m\u00e9s en \u00e9ducation \u00e0 travers 9 ateliers. Les participants seront guid\u00e9s et soutenus dans leur cheminement de progression de carri\u00e8re.<\/p>\n<\/div>\n<\/div>\n<\/div>\n<\/div>\n<div class=\"col-sm-6\">\n<div class=\"card row-card bordered y-move\">\n<div class=\"row\">\n<div class=\"col-sm-fit icon-column\"><\/div>\n<div class=\"col-sm\" data-type=\"column\">\n<h5 class=\"color2\">Partage de m\u00e9thodes: Publication des r\u00e9sultats du projet<\/h5>\n<p class=\"\">D\u00e9velopper un r\u00e9seau europ\u00e9en d\u2019organisations impliqu\u00e9es dans l\u2019\u00e9ducation des adultes afin d\u2019int\u00e9grer les r\u00e9sultats du programme Path 4 Career dans leur formation.<\/p>\n<\/div>\n<\/div>\n<\/div>\n<\/div>\n<\/div>\n<\/div>\n<\/div>\n<p><\/p>","protected":false},"excerpt":{"rendered":"<p>Le saviez-vous\u00a0? Entre 53 et 83\u00a0% des dipl\u00f4m\u00e9s se retrouvent dans des emplois compl\u00e8tement \u00e9loign\u00e9s de leur dipl\u00f4me. En raison du grand nombre de postes vacants dans le secteur de l&#8217;h\u00f4tellerie, la majorit\u00e9 des dipl\u00f4m\u00e9s finissent g\u00e9n\u00e9ralement par occuper des emplois tels que serveurs ou caissiers, plut\u00f4t que des postes pour lesquels ils ont \u00e9t\u00e9&hellip; <br \/> <a class=\"read-more\" href=\"https:\/\/path4career.eu\/fr\/project-outputs\/\">Lire la suite<\/a><\/p>\n","protected":false},"author":1,"featured_media":0,"parent":0,"menu_order":0,"comment_status":"closed","ping_status":"closed","template":"page-templates\/page-with-right-sidebar.php","meta":{"_mi_skip_tracking":false},"_links":{"self":[{"href":"https:\/\/path4career.eu\/fr\/wp-json\/wp\/v2\/pages\/25"}],"collection":[{"href":"https:\/\/path4career.eu\/fr\/wp-json\/wp\/v2\/pages"}],"about":[{"href":"https:\/\/path4career.eu\/fr\/wp-json\/wp\/v2\/types\/page"}],"author":[{"embeddable":true,"href":"https:\/\/path4career.eu\/fr\/wp-json\/wp\/v2\/users\/1"}],"replies":[{"embeddable":true,"href":"https:\/\/path4career.eu\/fr\/wp-json\/wp\/v2\/comments?post=25"}],"version-history":[{"count":31,"href":"https:\/\/path4career.eu\/fr\/wp-json\/wp\/v2\/pages\/25\/revisions"}],"predecessor-version":[{"id":320,"href":"https:\/\/path4career.eu\/fr\/wp-json\/wp\/v2\/pages\/25\/revisions\/320"}],"wp:attachment":[{"href":"https:\/\/path4career.eu\/fr\/wp-json\/wp\/v2\/media?parent=25"}],"curies":[{"name":"wp","href":"https:\/\/api.w.org\/{rel}","templated":true}]}}