{"id":684,"date":"2021-04-23T13:29:49","date_gmt":"2021-04-23T13:29:49","guid":{"rendered":"http:\/\/path4career.eu\/?page_id=684"},"modified":"2021-09-06T08:11:40","modified_gmt":"2021-09-06T08:11:40","slug":"project-goal","status":"publish","type":"page","link":"https:\/\/path4career.eu\/es\/project-goal\/","title":{"rendered":"Objetivo del Proyecto"},"content":{"rendered":"<p><\/p>\n<h3>Encontrar una soluci\u00f3n para una inserci\u00f3n m\u00e1s r\u00e1pida en el mercado laboral de los egresados universitarios y lograr sus objetivos profesionales armonizando las competencias adquiridas con las requeridas por los empleadores.<\/h3>\n<p>La idea del proyecto surgi\u00f3 de la estrategia Europa 2020, que identifica la necesidad de oportunidades de empleo m\u00e1s relevantes para los j\u00f3venes graduados. El objetivo de la estrategia es garantizar una tasa de empleo del 75% para las personas de 20 a 64 a\u00f1os, as\u00ed como una tasa de empleo en el campo de graduados que supere el 90%, teniendo en cuenta el tiempo y los gastos de educaci\u00f3n. Esto se ha convertido en un problema importante en muchos pa\u00edses de la UE debido al aumento en el n\u00famero de graduados que, como resultado, tambi\u00e9n ha aumentado la competitividad del mercado laboral.<\/p>\n<p><img loading=\"lazy\" class=\"alignnone wp-image-687 size-mesmerize-full-hd\" src=\"http:\/\/path4career.eu\/wp-content\/uploads\/2021\/04\/s-o-c-i-a-l-c-u-t-kAyZO7V9MUs-unsplash-1620x1080.jpg\" alt=\"\" width=\"1620\" height=\"1080\" srcset=\"https:\/\/path4career.eu\/wp-content\/uploads\/2021\/04\/s-o-c-i-a-l-c-u-t-kAyZO7V9MUs-unsplash-1620x1080.jpg 1620w, https:\/\/path4career.eu\/wp-content\/uploads\/2021\/04\/s-o-c-i-a-l-c-u-t-kAyZO7V9MUs-unsplash-300x200.jpg 300w, https:\/\/path4career.eu\/wp-content\/uploads\/2021\/04\/s-o-c-i-a-l-c-u-t-kAyZO7V9MUs-unsplash-768x512.jpg 768w, https:\/\/path4career.eu\/wp-content\/uploads\/2021\/04\/s-o-c-i-a-l-c-u-t-kAyZO7V9MUs-unsplash-1024x683.jpg 1024w\" sizes=\"(max-width: 1620px) 100vw, 1620px\" \/><\/p>","protected":false},"excerpt":{"rendered":"<p>Encontrar una soluci\u00f3n para una inserci\u00f3n m\u00e1s r\u00e1pida en el mercado laboral de los egresados universitarios y lograr sus objetivos profesionales armonizando las competencias adquiridas con las requeridas por los empleadores. La idea del proyecto surgi\u00f3 de la estrategia Europa 2020, que identifica la necesidad de oportunidades de empleo m\u00e1s relevantes para los j\u00f3venes graduados.&hellip; <br \/> <a class=\"read-more\" href=\"https:\/\/path4career.eu\/es\/project-goal\/\">Leer m\u00e1s<\/a><\/p>\n","protected":false},"author":1,"featured_media":0,"parent":0,"menu_order":0,"comment_status":"closed","ping_status":"closed","template":"","meta":{"_mi_skip_tracking":false},"_links":{"self":[{"href":"https:\/\/path4career.eu\/es\/wp-json\/wp\/v2\/pages\/684"}],"collection":[{"href":"https:\/\/path4career.eu\/es\/wp-json\/wp\/v2\/pages"}],"about":[{"href":"https:\/\/path4career.eu\/es\/wp-json\/wp\/v2\/types\/page"}],"author":[{"embeddable":true,"href":"https:\/\/path4career.eu\/es\/wp-json\/wp\/v2\/users\/1"}],"replies":[{"embeddable":true,"href":"https:\/\/path4career.eu\/es\/wp-json\/wp\/v2\/comments?post=684"}],"version-history":[{"count":4,"href":"https:\/\/path4career.eu\/es\/wp-json\/wp\/v2\/pages\/684\/revisions"}],"predecessor-version":[{"id":762,"href":"https:\/\/path4career.eu\/es\/wp-json\/wp\/v2\/pages\/684\/revisions\/762"}],"wp:attachment":[{"href":"https:\/\/path4career.eu\/es\/wp-json\/wp\/v2\/media?parent=684"}],"curies":[{"name":"wp","href":"https:\/\/api.w.org\/{rel}","templated":true}]}}