{"id":414,"date":"2020-06-30T15:50:39","date_gmt":"2020-06-30T15:50:39","guid":{"rendered":"http:\/\/path4career.eu\/?page_id=414"},"modified":"2021-06-24T07:29:51","modified_gmt":"2021-06-24T07:29:51","slug":"p4c-kit","status":"publish","type":"page","link":"https:\/\/path4career.eu\/es\/p4c-kit\/","title":{"rendered":"Path4Career KIT"},"content":{"rendered":"<p><\/p>\n<h2>Cap\u00edtulo\u00a01 &#8211; Gesti\u00f3n proactiva de la carrera laboral<\/h2>\n<p><a href=\"http:\/\/path4career.eu\/wp-content\/uploads\/2021\/03\/CAPITULO-I-_-PFC-_-VERSION-FINAL-ES.pdf\">Descargar Cap\u00edtulo 1 in PDF<\/a><\/p>\n<h2 style=\"text-align: center;\"><span style=\"color: #ff6600;\">Juega nuestro Primer juego<\/span><\/h2>\n<p><a href=\"https:\/\/play.google.com\/store\/apps\/details?id=com.Interactive4D.p4c1\"><img loading=\"lazy\" class=\"alignleft\" src=\"https:\/\/play.google.com\/intl\/en_us\/badges\/static\/images\/badges\/en_badge_web_generic.png\" alt=\"Get it on Google Play\" width=\"248\" height=\"96\" \/><\/a><a href=\"https:\/\/apps.apple.com\/fr\/app\/path4career-career-management\/id1546730455\"><img loading=\"lazy\" class=\"alignright wp-image-608\" src=\"http:\/\/path4career.eu\/wp-content\/uploads\/2021\/02\/badge-example-preferred_2x-300x101.png\" alt=\"\" width=\"214\" height=\"72\" srcset=\"https:\/\/path4career.eu\/wp-content\/uploads\/2021\/02\/badge-example-preferred_2x-300x101.png 300w, https:\/\/path4career.eu\/wp-content\/uploads\/2021\/02\/badge-example-preferred_2x.png 320w\" sizes=\"(max-width: 214px) 100vw, 214px\" \/><\/a><a href=\"https:\/\/game1.path4career.fr\/\"><img loading=\"lazy\" class=\"aligncenter wp-image-594\" src=\"http:\/\/path4career.eu\/wp-content\/uploads\/2021\/02\/en_badge_web_generic-300x116.png\" alt=\"\" width=\"251\" height=\"97\" srcset=\"https:\/\/path4career.eu\/wp-content\/uploads\/2021\/02\/en_badge_web_generic-300x116.png 300w, https:\/\/path4career.eu\/wp-content\/uploads\/2021\/02\/en_badge_web_generic.png 646w\" sizes=\"(max-width: 251px) 100vw, 251px\" \/><\/a><\/p>\n<h2>Cap\u00edtulo\u00a02 &#8211; Soft Skills para el trabajo<\/h2>\n<p><a href=\"https:\/\/path4career.eu\/wp-content\/uploads\/2021\/03\/CAPITULO-II-PFC_VERSION-FINAL-ES.pdf\">Descargar\u00a0Cap\u00edtulo 2 in PDF<\/a><\/p>\n<h2 style=\"text-align: center;\"><span style=\"color: #3366ff;\">Juega nuestro Segundo juego<\/span><\/h2>\n<p><a href=\"https:\/\/play.google.com\/store\/apps\/details?id=com.alexis.p2\"><img loading=\"lazy\" class=\"alignleft\" src=\"https:\/\/play.google.com\/intl\/en_us\/badges\/static\/images\/badges\/en_badge_web_generic.png\" alt=\"Get it on Google Play\" width=\"248\" height=\"96\" \/><\/a><a href=\"https:\/\/apps.apple.com\/fr\/app\/softskillsatwork\/id1554478787\"><img loading=\"lazy\" class=\"alignright wp-image-608\" src=\"http:\/\/path4career.eu\/wp-content\/uploads\/2021\/02\/badge-example-preferred_2x-300x101.png\" alt=\"\" width=\"214\" height=\"72\" srcset=\"https:\/\/path4career.eu\/wp-content\/uploads\/2021\/02\/badge-example-preferred_2x-300x101.png 300w, https:\/\/path4career.eu\/wp-content\/uploads\/2021\/02\/badge-example-preferred_2x.png 320w\" sizes=\"(max-width: 214px) 100vw, 214px\" \/><\/a><a href=\"https:\/\/game2.path4career.fr\/\"><img loading=\"lazy\" class=\"aligncenter wp-image-594\" src=\"http:\/\/path4career.eu\/wp-content\/uploads\/2021\/02\/en_badge_web_generic-300x116.png\" alt=\"\" width=\"251\" height=\"97\" srcset=\"https:\/\/path4career.eu\/wp-content\/uploads\/2021\/02\/en_badge_web_generic-300x116.png 300w, https:\/\/path4career.eu\/wp-content\/uploads\/2021\/02\/en_badge_web_generic.png 646w\" sizes=\"(max-width: 251px) 100vw, 251px\" \/><\/a><\/p>\n<h2>Cap\u00edtulo\u00a03 &#8211; Las Pr\u00e1cticas Profesionales \u2013 Un Paso En Tu Carrera<\/h2>\n<p><a href=\"http:\/\/path4career.eu\/wp-content\/uploads\/2021\/03\/CAPITULO-III_PFC_VERSI\u00d3N-FINAL_ES.pdf\">Descargar\u00a0Cap\u00edtulo 3 in PDF<\/a><\/p>\n<h2 style=\"text-align: center;\"><span style=\"color: #00ff00;\">Juega nuestro Tercer juego<\/span><\/h2>\n<p style=\"text-align: center;\"><em>El tercer juego introduce cinco escenarios, en los que el participante tendr\u00e1 la oportunidad de chatear con un bot, y responder a preguntas relacionadas con la redacci\u00f3n de CV, la preparaci\u00f3n de pr\u00e1cticas, y mucho m\u00e1s. Recibir 4 puntos significa que todas las preguntas han sido contestadas correctamente, a cambio responder incorrectamente a todas las preguntas supondr\u00e1 una puntuaci\u00f3n de 0.<\/em><\/p>\n<div id=\"pg-480-1\" class=\"panel-grid panel-no-style\">\n<div id=\"pgc-480-1-0\" class=\"panel-grid-cell\">\n<div id=\"panel-480-1-0-0\" class=\"widget_text so-panel widget widget_custom_html panel-first-child panel-last-child\" data-index=\"1\">\n<div class=\"textwidget custom-html-widget\" style=\"text-align: center; display: flex; padding-left: 6%;\">\n<div style=\"width: 211px\" class=\"wp-caption alignnone\"><a href=\"http:\/\/path4career.eu\/preparation-for-application-into-an-internship-program\/\"><img loading=\"lazy\" class=\"img_scenarios\" src=\"http:\/\/path4career.eu\/wp-content\/uploads\/2021\/01\/ben-white-mO9vKbG5csg-unsplash.jpg\" alt=\"\" width=\"201\" height=\"134\" \/><\/a><p class=\"wp-caption-text\">Preparaci\u00f3n para la solicitud de una estancia de pr\u00e1cticas.<\/p><\/div>\n<div style=\"width: 211px\" class=\"wp-caption alignnone\"><a href=\"http:\/\/path4career.eu\/en\/elaboration-of-the-cv-letter-of-intent-and-participation-in-the-interview-for-the-internship\/\"><img loading=\"lazy\" class=\"img_scenarios\" src=\"http:\/\/path4career.eu\/wp-content\/uploads\/2021\/01\/green-chameleon-s9CC2SKySJM-unsplash.jpg\" alt=\"\" width=\"201\" height=\"134\" \/><\/a><p class=\"wp-caption-text\">Elaboraci\u00f3n del CV, carta de motivaci\u00f3n y participaci\u00f3n en la entrevista para las pr\u00e1cticas.<\/p><\/div>\n<div style=\"width: 211px\" class=\"wp-caption alignnone\"><a href=\"http:\/\/path4career.eu\/preparation-for-the-first-day-of-internship-and-behavior-on-the-first-day-of-internship\/\"><img loading=\"lazy\" class=\"img_scenarios\" src=\"http:\/\/path4career.eu\/wp-content\/uploads\/2021\/01\/ruthson-zimmerman-Ws4wd-vJ9M0-unsplash.jpg\" alt=\"\" width=\"201\" height=\"134\" \/><\/a><p class=\"wp-caption-text\">Mi primer dia de pasantia.<\/p><\/div>\n<div style=\"width: 211px\" class=\"wp-caption alignnone\"><a href=\"http:\/\/path4career.eu\/how-to-behave-during-the-internship\/\"><img loading=\"lazy\" class=\"img_scenarios\" src=\"http:\/\/path4career.eu\/wp-content\/uploads\/2021\/01\/work-with-island-FX2QA0TMEYg-unsplash.jpg\" alt=\"\" width=\"201\" height=\"134\" \/><\/a><p class=\"wp-caption-text\">\u00bfC\u00f3mo debo comportarme durante mis pr\u00e1cticas?<\/p><\/div>\n<div style=\"width: 211px\" class=\"wp-caption alignnone\"><a href=\"http:\/\/path4career.eu\/what-do-i-do-after-my-intership-ends\/\"><img loading=\"lazy\" class=\"img_scenarios\" src=\"http:\/\/path4career.eu\/wp-content\/uploads\/2018\/12\/2.jpg\" alt=\"\" width=\"201\" height=\"134\" \/><\/a><p class=\"wp-caption-text\">\u00bfQu\u00e9 hago despu\u00e9s de que termine mi pasant\u00eda?<\/p><\/div>\n<\/div>\n<\/div>\n<\/div>\n<\/div>\n<p><\/p>","protected":false},"excerpt":{"rendered":"<p>Cap\u00edtulo\u00a01 &#8211; Gesti\u00f3n proactiva de la carrera laboral Descargar Cap\u00edtulo 1 in PDF Juega nuestro Primer juego Cap\u00edtulo\u00a02 &#8211; Soft Skills para el trabajo Descargar\u00a0Cap\u00edtulo 2 in PDF Juega nuestro Segundo juego Cap\u00edtulo\u00a03 &#8211; Las Pr\u00e1cticas Profesionales \u2013 Un Paso En Tu Carrera Descargar\u00a0Cap\u00edtulo 3 in PDF Juega nuestro Tercer juego El tercer juego introduce&hellip; <br \/> <a class=\"read-more\" href=\"https:\/\/path4career.eu\/es\/p4c-kit\/\">Leer m\u00e1s<\/a><\/p>\n","protected":false},"author":1,"featured_media":612,"parent":0,"menu_order":0,"comment_status":"closed","ping_status":"closed","template":"","meta":{"_mi_skip_tracking":false},"_links":{"self":[{"href":"https:\/\/path4career.eu\/es\/wp-json\/wp\/v2\/pages\/414"}],"collection":[{"href":"https:\/\/path4career.eu\/es\/wp-json\/wp\/v2\/pages"}],"about":[{"href":"https:\/\/path4career.eu\/es\/wp-json\/wp\/v2\/types\/page"}],"author":[{"embeddable":true,"href":"https:\/\/path4career.eu\/es\/wp-json\/wp\/v2\/users\/1"}],"replies":[{"embeddable":true,"href":"https:\/\/path4career.eu\/es\/wp-json\/wp\/v2\/comments?post=414"}],"version-history":[{"count":37,"href":"https:\/\/path4career.eu\/es\/wp-json\/wp\/v2\/pages\/414\/revisions"}],"predecessor-version":[{"id":736,"href":"https:\/\/path4career.eu\/es\/wp-json\/wp\/v2\/pages\/414\/revisions\/736"}],"wp:featuredmedia":[{"embeddable":true,"href":"https:\/\/path4career.eu\/es\/wp-json\/wp\/v2\/media\/612"}],"wp:attachment":[{"href":"https:\/\/path4career.eu\/es\/wp-json\/wp\/v2\/media?parent=414"}],"curies":[{"name":"wp","href":"https:\/\/api.w.org\/{rel}","templated":true}]}}