{"id":358,"date":"2019-09-20T08:20:20","date_gmt":"2019-09-20T08:20:20","guid":{"rendered":"http:\/\/path4career.eu\/?page_id=358"},"modified":"2021-01-17T10:08:32","modified_gmt":"2021-01-17T10:08:32","slug":"securing-an-internship","status":"publish","type":"page","link":"https:\/\/path4career.eu\/es\/securing-an-internship\/","title":{"rendered":"Como asegurar unas pr\u00e1cticas"},"content":{"rendered":"<p><\/p>\n<style>\n.page-content{background:#7FFFD4 !important;}<br \/>.gridContainer.content{background:#7FFFD4;}<br \/><\/style>\n<h1>Preparaci\u00f3n para la solicitud en un programa de intercambio.<\/h1>\n<p><iframe loading=\"lazy\" id=\"fxo-messenger-iframe\" style=\"background-color: aquamarine; border: 3px solid #f9f9fb; width: 100%; height: 500px;\" src=\"https:\/\/fxo.io\/m\/pvd28562\" width=\"100%\" height=\"500px\" allowfullscreen=\"allowfullscreen\"><\/iframe><\/p>\n<h1>Elaboraci\u00f3n del CV, carta de motivaci\u00f3n y participaci\u00f3n en la entrevista para las pr\u00e1cticas.<\/h1>\n<p><iframe loading=\"lazy\" id=\"fxo-messenger-iframe\" style=\"background-color: aquamarine; border: 3px solid #f9f9fb; width: 100%; height: 500px;\" src=\"https:\/\/fxo.io\/m\/kr3rypk2\" width=\"100%\" height=\"500px\" allowfullscreen=\"allowfullscreen\"><\/iframe><\/p>\n<h1>Preparaci\u00f3n para la solicitud de una estancia de pr\u00e1cticas.<\/h1>\n<p><iframe loading=\"lazy\" id=\"fxo-messenger-iframe\" style=\"background-color: aquamarine; border: 3px solid #f9f9fb; width: 100%; height: 500px;\" src=\"https:\/\/fxo.io\/m\/5md5nqan\" width=\"100%\" height=\"500px\" allowfullscreen=\"allowfullscreen\"><\/iframe><\/p>\n<h1>Mi primer dia de pasantia.<\/h1>\n<p><iframe loading=\"lazy\" id=\"fxo-messenger-iframe\" style=\"background-color: aquamarine; border: 3px solid #f9f9fb; width: 100%; height: 500px;\" src=\"https:\/\/fxo.io\/m\/3nar9rmq\" width=\"100%\" height=\"500px\" allowfullscreen=\"allowfullscreen\"><\/iframe><\/p>\n<h1>\u00bfC\u00f3mo debo comportarme durante mis pr\u00e1cticas?<\/h1>\n<p><iframe loading=\"lazy\" id=\"fxo-messenger-iframe\" style=\"background-color: aquamarine; border: 3px solid #f9f9fb; width: 100%; height: 500px;\" src=\"https:\/\/fxo.io\/m\/dnrr25ae\" width=\"100%\" height=\"500px\" allowfullscreen=\"allowfullscreen\"><\/iframe><br \/>\n<a class=\"myButton\" href=\"http:\/\/path4career.eu\/\">Exit<\/a><\/p>\n<style>\n.myButton {<br \/>\tbox-shadow: 0px 10px 14px -7px #276873;<br \/>\tbackground:linear-gradient(to bottom, #599bb3 5%, #408c99 100%);<br \/>\tbackground-color:#599bb3;<br \/>\tborder-radius:8px;<br \/>\tdisplay:inline-block;<br \/>\tcursor:pointer;<br \/>\tcolor:#ffffff;<br \/>\tfont-family:Arial;<br \/>\tfont-size:20px;<br \/>\tfont-weight:bold;<br \/>\tpadding:13px 32px;<br \/>\ttext-decoration:none;<br \/>\ttext-shadow:0px 1px 0px #3d768a;<br \/>    margin-left: 45%;<br \/>}<br \/>.myButton:hover {<br \/>\tbackground:linear-gradient(to bottom, #408c99 5%, #599bb3 100%);<br \/>\tbackground-color:#408c99;<br \/>}<br \/>.myButton:active {<br \/>\tposition:relative;<br \/>\ttop:1px;<br \/>}<br \/><\/style>\n<p><\/p>","protected":false},"excerpt":{"rendered":"<p>Preparaci\u00f3n para la solicitud en un programa de intercambio. Elaboraci\u00f3n del CV, carta de motivaci\u00f3n y participaci\u00f3n en la entrevista para las pr\u00e1cticas. Preparaci\u00f3n para la solicitud de una estancia de pr\u00e1cticas. Mi primer dia de pasantia. \u00bfC\u00f3mo debo comportarme durante mis pr\u00e1cticas? Exit<\/p>\n","protected":false},"author":1,"featured_media":0,"parent":0,"menu_order":0,"comment_status":"closed","ping_status":"closed","template":"","meta":{"_mi_skip_tracking":false},"_links":{"self":[{"href":"https:\/\/path4career.eu\/es\/wp-json\/wp\/v2\/pages\/358"}],"collection":[{"href":"https:\/\/path4career.eu\/es\/wp-json\/wp\/v2\/pages"}],"about":[{"href":"https:\/\/path4career.eu\/es\/wp-json\/wp\/v2\/types\/page"}],"author":[{"embeddable":true,"href":"https:\/\/path4career.eu\/es\/wp-json\/wp\/v2\/users\/1"}],"replies":[{"embeddable":true,"href":"https:\/\/path4career.eu\/es\/wp-json\/wp\/v2\/comments?post=358"}],"version-history":[{"count":79,"href":"https:\/\/path4career.eu\/es\/wp-json\/wp\/v2\/pages\/358\/revisions"}],"predecessor-version":[{"id":557,"href":"https:\/\/path4career.eu\/es\/wp-json\/wp\/v2\/pages\/358\/revisions\/557"}],"wp:attachment":[{"href":"https:\/\/path4career.eu\/es\/wp-json\/wp\/v2\/media?parent=358"}],"curies":[{"name":"wp","href":"https:\/\/api.w.org\/{rel}","templated":true}]}}