{"id":27,"date":"2018-11-21T13:30:27","date_gmt":"2018-11-21T13:30:27","guid":{"rendered":"http:\/\/path4career.eu\/?page_id=27"},"modified":"2019-07-23T10:00:33","modified_gmt":"2019-07-23T10:00:33","slug":"news","status":"publish","type":"page","link":"https:\/\/path4career.eu\/es\/news\/","title":{"rendered":"News"},"content":{"rendered":"<p class=\"qtranxs-available-languages-message qtranxs-available-languages-message-es\">Disculpa, pero esta entrada est\u00e1 disponible s\u00f3lo en <a href=\"https:\/\/path4career.eu\/en\/wp-json\/wp\/v2\/pages\/27\" class=\"qtranxs-available-language-link qtranxs-available-language-link-en\" title=\"English\">Ingl\u00e9s Estadounidense<\/a> y <a href=\"https:\/\/path4career.eu\/ro\/wp-json\/wp\/v2\/pages\/27\" class=\"qtranxs-available-language-link qtranxs-available-language-link-ro\" title=\"Rom\u00e2n\u0103\">Rumano<\/a>.<\/p>","protected":false},"excerpt":{"rendered":"<p>Disculpa, pero esta entrada est\u00e1 disponible s\u00f3lo en Ingl\u00e9s Estadounidense y Rumano.<\/p>\n","protected":false},"author":1,"featured_media":0,"parent":0,"menu_order":0,"comment_status":"closed","ping_status":"closed","template":"","meta":{"_mi_skip_tracking":false},"_links":{"self":[{"href":"https:\/\/path4career.eu\/es\/wp-json\/wp\/v2\/pages\/27"}],"collection":[{"href":"https:\/\/path4career.eu\/es\/wp-json\/wp\/v2\/pages"}],"about":[{"href":"https:\/\/path4career.eu\/es\/wp-json\/wp\/v2\/types\/page"}],"author":[{"embeddable":true,"href":"https:\/\/path4career.eu\/es\/wp-json\/wp\/v2\/users\/1"}],"replies":[{"embeddable":true,"href":"https:\/\/path4career.eu\/es\/wp-json\/wp\/v2\/comments?post=27"}],"version-history":[{"count":12,"href":"https:\/\/path4career.eu\/es\/wp-json\/wp\/v2\/pages\/27\/revisions"}],"predecessor-version":[{"id":351,"href":"https:\/\/path4career.eu\/es\/wp-json\/wp\/v2\/pages\/27\/revisions\/351"}],"wp:attachment":[{"href":"https:\/\/path4career.eu\/es\/wp-json\/wp\/v2\/media?parent=27"}],"curies":[{"name":"wp","href":"https:\/\/api.w.org\/{rel}","templated":true}]}}