{"id":25,"date":"2018-11-21T13:30:13","date_gmt":"2018-11-21T13:30:13","guid":{"rendered":"http:\/\/path4career.eu\/?page_id=25"},"modified":"2019-05-03T09:09:44","modified_gmt":"2019-05-03T09:09:44","slug":"project-outputs","status":"publish","type":"page","link":"https:\/\/path4career.eu\/es\/project-outputs\/","title":{"rendered":"Resultados del proyecto"},"content":{"rendered":"<p>\u00bf<strong>Sab\u00eda que &#8211;\u00a0<\/strong>\u00a0entre el 53 y el 83% de los graduados se encuentran en puestos que no tienen ninguna relaci\u00f3n con su t\u00edtulo? Debido a la abundancia de vacantes en la industria del ocio y tiempo libre, la mayor\u00eda de las personas graduadas generalmente terminan en puestos de trabajo como camareros o cajeros, en lugar de a lo que dedicaron sus esfuerzos de estudio. Adem\u00e1s, estudios recientes muestran que, adem\u00e1s de la experiencia de pr\u00e1cticas profesionales, los empleadores se centran en la contrataci\u00f3n de personas que poseen habilidades b\u00e1sicas como <em><strong>inteligencia emocional, negociaci\u00f3n, pensamiento cr\u00edtico y creatividad<\/strong><\/em>.<\/p>\n<p>\u00a1Aqu\u00ed es donde Path4Career entra en acci\u00f3n! El objetivo final del proyecto es capacitar a los graduados con habilidades que a menudo se descuidan en el aula, sin embargo, se convierten en activos cruciales cuando se trata de encontrar un trabajo y desarrollar su carrera.<\/p>\n<p><img loading=\"lazy\" class=\"wp-image-142 aligncenter\" src=\"http:\/\/path4career.eu\/wp-content\/uploads\/2018\/12\/2-300x200.jpg\" alt=\"\" width=\"700\" height=\"467\" srcset=\"https:\/\/path4career.eu\/wp-content\/uploads\/2018\/12\/2-300x200.jpg 300w, https:\/\/path4career.eu\/wp-content\/uploads\/2018\/12\/2-768x512.jpg 768w, https:\/\/path4career.eu\/wp-content\/uploads\/2018\/12\/2-1024x682.jpg 1024w, https:\/\/path4career.eu\/wp-content\/uploads\/2018\/12\/2-1620x1080.jpg 1620w\" sizes=\"(max-width: 700px) 100vw, 700px\" \/><\/p>\n<p>Hemos escuchado y tomado en cuenta lo que quieren los empleadores y ahora nuestro objetivo es responder a estas necesidades. \u00bfC\u00f3mo planeamos hacer esto? Los socios del proyecto han identificado una soluci\u00f3n para desarrollar un m\u00f3dulo de capacitaci\u00f3n personalizado que constar\u00e1 de <strong>3 cap\u00edtulos<\/strong> y <strong>3 juegos educativos<\/strong> para graduados de educaci\u00f3n superior que integrar\u00e1n 3 temas principales:<\/p>\n<ul>\n<li><strong>Habilidades personales blandas.<\/strong><\/li>\n<li><strong> Dise\u00f1o e Implementaci\u00f3n del Plan de Carrera.<\/strong><\/li>\n<li><strong>Pr\u00e1cticas profesionales.<\/strong><\/li>\n<\/ul>\n<p>Todos los resultados anteriores se utilizar\u00e1n en <strong>9 talleres de capacitaci\u00f3n<\/strong> con un total de <strong>90 graduados<\/strong> <strong>de educaci\u00f3n superior.<\/strong><\/p>\n<div id=\"features-2\" class=\"features-12-card-bordered content-section content-section-spacing \" style=\"background-color: #ffffff;\" data-label=\"Features\" data-id=\"features-12-card-bordered\" data-export-id=\"features-12-card-bordered\" data-category=\"features\">\n<div class=\"gridContainer\">\n<div class=\"row text-center\">\n<div class=\"section-title-col\" data-type=\"column\">\n<h2 class=\"\">Nuestros objetivos<\/h2>\n<\/div>\n<\/div>\n<div class=\"row spaced-cols start-sm content-left-sm\" data-type=\"row\">\n<div class=\"col-sm-6\">\n<div class=\"card row-card bordered y-move\">\n<div class=\"row\">\n<div class=\"col-sm-fit icon-column\"><\/div>\n<div class=\"col-sm\" data-type=\"column\">\n<h5 class=\"color2\">Step-By-Step recalificaci\u00f3n: entrenar al entrenador<\/h5>\n<p class=\"\">Mejorar las habilidades del personal de 16 organizaciones socias para brindar capacitaci\u00f3n de calidad en gesti\u00f3n de carrera, habilidades blandas que incluyen: resoluci\u00f3n de problemas complejos, pensamiento cr\u00edtico, gesti\u00f3n de personas, coordinaci\u00f3n con otros, pasant\u00edas para graduados y an\u00e1lisis y toma de decisiones.<\/p>\n<\/div>\n<\/div>\n<\/div>\n<\/div>\n<div class=\"col-sm-6\">\n<div class=\"card row-card bordered y-move\">\n<div class=\"row\">\n<div class=\"col-sm-fit icon-column\"><\/div>\n<div class=\"col-sm\" data-type=\"column\">\n<h5 class=\"color2\">Camino al \u00e9xito: entrenar a los graduados<\/h5>\n<p class=\"\">Desarrollo de habilidades blandas y habilidades de gesti\u00f3n de carrera para un total de 90 graduados de educaci\u00f3n a trav\u00e9s de 9 talleres. Los participantes ser\u00e1n guiados y apoyados en su trayectoria de progreso profesional.<\/p>\n<\/div>\n<\/div>\n<\/div>\n<\/div>\n<div class=\"col-sm-6\">\n<div class=\"card row-card bordered y-move\">\n<div class=\"row\">\n<div class=\"col-sm-fit icon-column\"><\/div>\n<div class=\"col-sm\" data-type=\"column\">\n<h5 class=\"color2\">Intercambio de m\u00e9todos: Publicaci\u00f3n de resultados del proyecto<\/h5>\n<p class=\"\">Desarrollar una red europea de organizaciones involucradas en la educaci\u00f3n de adultos para introducir los resultados de Path 4 Career en su capacitaci\u00f3n.<\/p>\n<\/div>\n<\/div>\n<\/div>\n<\/div>\n<\/div>\n<\/div>\n<\/div>\n<p><\/p>","protected":false},"excerpt":{"rendered":"<p>\u00bfSab\u00eda que &#8211;\u00a0\u00a0entre el 53 y el 83% de los graduados se encuentran en puestos que no tienen ninguna relaci\u00f3n con su t\u00edtulo? Debido a la abundancia de vacantes en la industria del ocio y tiempo libre, la mayor\u00eda de las personas graduadas generalmente terminan en puestos de trabajo como camareros o cajeros, en lugar&hellip; <br \/> <a class=\"read-more\" href=\"https:\/\/path4career.eu\/es\/project-outputs\/\">Leer m\u00e1s<\/a><\/p>\n","protected":false},"author":1,"featured_media":0,"parent":0,"menu_order":0,"comment_status":"closed","ping_status":"closed","template":"page-templates\/page-with-right-sidebar.php","meta":{"_mi_skip_tracking":false},"_links":{"self":[{"href":"https:\/\/path4career.eu\/es\/wp-json\/wp\/v2\/pages\/25"}],"collection":[{"href":"https:\/\/path4career.eu\/es\/wp-json\/wp\/v2\/pages"}],"about":[{"href":"https:\/\/path4career.eu\/es\/wp-json\/wp\/v2\/types\/page"}],"author":[{"embeddable":true,"href":"https:\/\/path4career.eu\/es\/wp-json\/wp\/v2\/users\/1"}],"replies":[{"embeddable":true,"href":"https:\/\/path4career.eu\/es\/wp-json\/wp\/v2\/comments?post=25"}],"version-history":[{"count":31,"href":"https:\/\/path4career.eu\/es\/wp-json\/wp\/v2\/pages\/25\/revisions"}],"predecessor-version":[{"id":320,"href":"https:\/\/path4career.eu\/es\/wp-json\/wp\/v2\/pages\/25\/revisions\/320"}],"wp:attachment":[{"href":"https:\/\/path4career.eu\/es\/wp-json\/wp\/v2\/media?parent=25"}],"curies":[{"name":"wp","href":"https:\/\/api.w.org\/{rel}","templated":true}]}}